{"id":2088,"date":"2021-01-21T00:31:04","date_gmt":"2021-01-20T21:31:04","guid":{"rendered":"https:\/\/birliksendikasi.org\/?page_id=2088"},"modified":"2022-02-21T14:48:39","modified_gmt":"2022-02-21T11:48:39","slug":"uyelik-basvuru-dilekcesi","status":"publish","type":"page","link":"https:\/\/birliksendikasi.org\/index.php\/uyelik-basvuru-dilekcesi","title":{"rendered":"\u00dcyelik Ba\u015fvuru"},"content":{"rendered":"\t\t<div data-elementor-type=\"wp-page\" data-elementor-id=\"2088\" class=\"elementor elementor-2088\" data-elementor-post-type=\"page\">\n\t\t\t\t\t\t<section class=\"elementor-section elementor-top-section elementor-element elementor-element-e87cc7e elementor-section-boxed elementor-section-height-default elementor-section-height-default\" data-id=\"e87cc7e\" data-element_type=\"section\">\n\t\t\t\t\t\t<div class=\"elementor-container elementor-column-gap-default\">\n\t\t\t\t\t<div class=\"elementor-column elementor-col-100 elementor-top-column elementor-element elementor-element-55f8d36\" data-id=\"55f8d36\" data-element_type=\"column\">\n\t\t\t<div class=\"elementor-widget-wrap elementor-element-populated\">\n\t\t\t\t\t\t<div class=\"elementor-element elementor-element-4076621 elementor-widget elementor-widget-heading\" data-id=\"4076621\" data-element_type=\"widget\" data-widget_type=\"heading.default\">\n\t\t\t\t<div class=\"elementor-widget-container\">\n\t\t\t\t\t<h2 class=\"elementor-heading-title elementor-size-default\">\u00dcyelik \u00d6n Ba\u015fvuru Formu<\/h2>\t\t\t\t<\/div>\n\t\t\t\t<\/div>\n\t\t\t\t\t<\/div>\n\t\t<\/div>\n\t\t\t\t\t<\/div>\n\t\t<\/section>\n\t\t\t\t<section class=\"elementor-section elementor-top-section elementor-element elementor-element-68fac1c elementor-section-boxed elementor-section-height-default elementor-section-height-default\" data-id=\"68fac1c\" data-element_type=\"section\">\n\t\t\t\t\t\t<div class=\"elementor-container elementor-column-gap-default\">\n\t\t\t\t\t<div class=\"elementor-column elementor-col-100 elementor-top-column elementor-element elementor-element-84ff953\" data-id=\"84ff953\" data-element_type=\"column\">\n\t\t\t<div class=\"elementor-widget-wrap elementor-element-populated\">\n\t\t\t\t\t\t<div class=\"elementor-element elementor-element-4203fd3 elementor-widget elementor-widget-text-editor\" data-id=\"4203fd3\" data-element_type=\"widget\" data-widget_type=\"text-editor.default\">\n\t\t\t\t<div class=\"elementor-widget-container\">\n\t\t\t\t\t\t\t\t\t<p>Sendikam\u0131z \u00e7at\u0131s\u0131 alt\u0131nda m\u00fccadele etmek, bir arada olmak ve dayan\u0131\u015fma g\u00f6stermek isteyen m\u00fczik emek\u00e7isi a\u015fa\u011f\u0131daki \u00fcyelik \u00f6n ba\u015fvuru formunu doldurarak m\u00fccadeleye kat\u0131labilirsin.<\/p>\t\t\t\t\t\t\t\t<\/div>\n\t\t\t\t<\/div>\n\t\t\t\t\t<\/div>\n\t\t<\/div>\n\t\t\t\t\t<\/div>\n\t\t<\/section>\n\t\t\t\t<section class=\"elementor-section elementor-top-section elementor-element elementor-element-686106e elementor-section-full_width elementor-section-height-default elementor-section-height-default\" data-id=\"686106e\" data-element_type=\"section\">\n\t\t\t\t\t\t<div class=\"elementor-container elementor-column-gap-default\">\n\t\t\t\t\t<div class=\"elementor-column elementor-col-100 elementor-top-column elementor-element elementor-element-f568212\" data-id=\"f568212\" data-element_type=\"column\">\n\t\t\t<div class=\"elementor-widget-wrap elementor-element-populated\">\n\t\t\t\t\t\t<div class=\"elementor-element elementor-element-2e48936 elementor-widget elementor-widget-shortcode\" data-id=\"2e48936\" data-element_type=\"widget\" data-widget_type=\"shortcode.default\">\n\t\t\t\t<div class=\"elementor-widget-container\">\n\t\t\t\t\t\t\t<div class=\"elementor-shortcode\"><div class=\"everest-forms\"><div class=\"evf-container default\" id=\"evf-2099\"><form id=\"evf-form-2099\" class=\"everest-form\" data-formid=\"2099\" data-ajax_submission=\"0\" data-keyboard_friendly_form=\"0\" data-form_state_type=\"\" method=\"post\" enctype=\"multipart\/form-data\" action=\"\/index.php\/wp-json\/wp\/v2\/pages\/2088\"><div class=\"evf-field-container\"><input type=\"hidden\" id=\"_wpnonce2099\" name=\"_wpnonce2099\" value=\"250ff34932\" \/><input type=\"hidden\" name=\"_wp_http_referer\" value=\"\/index.php\/wp-json\/wp\/v2\/pages\/2088\" \/><div class=\"evf-frontend-row\" data-row=\"row_1\" conditional_rules=\"[]\"><div class=\"evf-frontend-grid evf-grid-2\" data-grid=\"grid_1\"><div id=\"evf-2099-field_GeWO3UIIhe-1-container\" class=\"evf-field evf-field-first-name form-row validate-required\" data-required-field-message=\"Bu alan gereklidir\" data-field-id=\"GeWO3UIIhe-1\"><label class=\"evf-field-label\" for=\"evf-2099-field_GeWO3UIIhe-1\"><span class=\"evf-label\">\u0130sim<\/span> <abbr class=\"required\" title=\"Required\">*<\/abbr><\/label><input type=\"text\" id=\"evf-2099-field_GeWO3UIIhe-1\" class=\"input-text\" name=\"everest_forms[form_fields][GeWO3UIIhe-1]\" required><\/div><div id=\"evf-2099-field_dJu6AQUtCQ-2-container\" class=\"evf-field evf-field-last-name form-row validate-required\" data-required-field-message=\"Bu alan gereklidir\" data-field-id=\"dJu6AQUtCQ-2\"><label class=\"evf-field-label\" for=\"evf-2099-field_dJu6AQUtCQ-2\"><span class=\"evf-label\">Soyisim<\/span> <abbr class=\"required\" title=\"Required\">*<\/abbr><\/label><input type=\"text\" id=\"evf-2099-field_dJu6AQUtCQ-2\" class=\"input-text\" name=\"everest_forms[form_fields][dJu6AQUtCQ-2]\" required><\/div><div id=\"evf-2099-field_68SoWvEnAg-3-container\" class=\"evf-field evf-field-text form-row validate-required\" data-required-field-message=\"Bu alan gereklidir\" data-field-id=\"68SoWvEnAg-3\"><label class=\"evf-field-label\" for=\"evf-2099-field_68SoWvEnAg-3\"><span class=\"evf-label\">TC Kimlik No<\/span> <abbr class=\"required\" title=\"Required\">*<\/abbr><\/label><input type=\"text\" id=\"evf-2099-field_68SoWvEnAg-3\" class=\"input-text\" name=\"everest_forms[form_fields][68SoWvEnAg-3]\" required><\/div><div id=\"evf-2099-field_QWnDKJAZyA-4-container\" class=\"evf-field evf-field-date-time form-row\" data-field-id=\"QWnDKJAZyA-4\"><label class=\"evf-field-label\" for=\"evf-2099-field_QWnDKJAZyA-4\"><span class=\"evf-label\">Do\u011fum Tarihi<\/span> <\/label><input type=\"text\" id=\"evf-2099-field_QWnDKJAZyA-4\" class=\"flatpickr-field input-text\" name=\"everest_forms[form_fields][QWnDKJAZyA-4]\" data-time-interval=\"15\" data-date-time=\"date\" data-mode=\"single\" data-locale=\"tr\" data-date-format=\"d\/m\/Y\"  ><\/div><div id=\"evf-2099-field_ZN8dOp0mYI-5-container\" class=\"evf-field evf-field-email form-row validate-required validate-email\" data-required-field-message=\"L\u00fctfen ge\u00e7erli bir mail adresi giriniz\" data-field-id=\"ZN8dOp0mYI-5\"><label class=\"evf-field-label\" for=\"evf-2099-field_ZN8dOp0mYI-5\"><span class=\"evf-label\">Email<\/span> <abbr class=\"required\" title=\"Required\">*<\/abbr><\/label><input type=\"email\" id=\"evf-2099-field_ZN8dOp0mYI-5\" class=\"input-text\" name=\"everest_forms[form_fields][ZN8dOp0mYI-5]\" required ><\/div><div id=\"evf-2099-field_E1ifOgDv91-11-container\" class=\"evf-field evf-field-text form-row validate-required\" data-required-field-message=\"Bu alan gereklidir\" data-field-id=\"E1ifOgDv91-11\"><label class=\"evf-field-label\" for=\"evf-2099-field_E1ifOgDv91-11\"><span class=\"evf-label\">Telefon<\/span> <abbr class=\"required\" title=\"Required\">*<\/abbr><\/label><input type=\"text\" id=\"evf-2099-field_E1ifOgDv91-11\" class=\"input-text\" name=\"everest_forms[form_fields][E1ifOgDv91-11]\" required><\/div><\/div><div class=\"evf-frontend-grid evf-grid-2\" data-grid=\"grid_2\"><div id=\"evf-2099-field_M33psqWvXA-9-container\" class=\"evf-field evf-field-text form-row validate-required\" data-required-field-message=\"Bu alan gereklidir\" data-field-id=\"M33psqWvXA-9\"><label class=\"evf-field-label\" for=\"evf-2099-field_M33psqWvXA-9\"><span class=\"evf-label\">\u0130l\u00e7e - \u0130l<\/span> <abbr class=\"required\" title=\"Required\">*<\/abbr><\/label><input type=\"text\" id=\"evf-2099-field_M33psqWvXA-9\" class=\"input-text\" name=\"everest_forms[form_fields][M33psqWvXA-9]\" required><\/div><div id=\"evf-2099-field_5icpbo9lOQ-8-container\" class=\"evf-field evf-field-textarea form-row\" data-field-id=\"5icpbo9lOQ-8\"><label class=\"evf-field-label\" for=\"evf-2099-field_5icpbo9lOQ-8\"><span class=\"evf-label\">Adres<\/span> <\/label><textarea id=\"evf-2099-field_5icpbo9lOQ-8\" class=\"input-text\" name=\"everest_forms[form_fields][5icpbo9lOQ-8]\"  ><\/textarea><\/div><div id=\"evf-2099-field_gBXjIN1JaG-13-container\" class=\"evf-field evf-field-text form-row validate-required\" data-required-field-message=\"Bu alan gereklidir\" data-field-id=\"gBXjIN1JaG-13\"><label class=\"evf-field-label\" for=\"evf-2099-field_gBXjIN1JaG-13\"><span class=\"evf-label\">Meslek<\/span> <abbr class=\"required\" title=\"Required\">*<\/abbr><\/label><input type=\"text\" id=\"evf-2099-field_gBXjIN1JaG-13\" class=\"input-text\" name=\"everest_forms[form_fields][gBXjIN1JaG-13]\" required><\/div><div id=\"evf-2099-field_YJVvlx9Q3p-14-container\" class=\"evf-field evf-field-text form-row\" data-field-id=\"YJVvlx9Q3p-14\"><label class=\"evf-field-label\" for=\"evf-2099-field_YJVvlx9Q3p-14\"><span class=\"evf-label\">\u0130\u015f Yeri<\/span> <\/label><input type=\"text\" id=\"evf-2099-field_YJVvlx9Q3p-14\" class=\"input-text\" name=\"everest_forms[form_fields][YJVvlx9Q3p-14]\" ><\/div><\/div><\/div><\/div><div class=\"evf-honeypot-container evf-field-hp\"><label for=\"evf-2099-field-hp\" class=\"evf-field-label\">Name<\/label><input type=\"text\" name=\"everest_forms[hp]\" id=\"evf-2099-field-hp\" class=\"input-text\"><\/div><div class=\"evf-submit-container \" ><input type=\"hidden\" name=\"everest_forms[id]\" value=\"2099\"><input type=\"hidden\" name=\"everest_forms[author]\" value=\"1\"><button type='submit' name='everest_forms[submit]' class='everest-forms-submit-button button evf-submit ' id='evf-submit-2099' value='evf-submit' data-process-text=\"G\u00f6nderiliyor...\" conditional_rules='&quot;&quot;' conditional_id='evf-submit-2099'  id=\"evf-submit-2099\" aria-live=\"assertive\">G\u00f6nder<\/button><\/div><\/form><\/div><!-- .evf-container --><\/div><\/div>\n\t\t\t\t\t\t<\/div>\n\t\t\t\t<\/div>\n\t\t\t\t\t<\/div>\n\t\t<\/div>\n\t\t\t\t\t<\/div>\n\t\t<\/section>\n\t\t\t\t<\/div>\n\t\t","protected":false},"excerpt":{"rendered":"<p>\u00dcyelik \u00d6n Ba\u015fvuru Formu Sendikam\u0131z \u00e7at\u0131s\u0131 alt\u0131nda m\u00fccadele etmek, bir arada olmak ve dayan\u0131\u015fma g\u00f6stermek isteyen m\u00fczik emek\u00e7isi a\u015fa\u011f\u0131daki \u00fcyelik<\/p>\n","protected":false},"author":1,"featured_media":2900,"parent":0,"menu_order":0,"comment_status":"closed","ping_status":"closed","template":"elementor_canvas","meta":{"colormag_page_container_layout":"default_layout","colormag_page_sidebar_layout":"default_layout","footnotes":""},"class_list":["post-2088","page","type-page","status-publish","has-post-thumbnail","hentry"],"yoast_head":"<!-- This site is optimized with the Yoast SEO plugin v26.7 - https:\/\/yoast.com\/wordpress\/plugins\/seo\/ -->\n<title>\u00dcyelik Ba\u015fvuru | Birlik Sendikas\u0131<\/title>\n<meta name=\"robots\" content=\"index, follow, max-snippet:-1, max-image-preview:large, max-video-preview:-1\" \/>\n<link rel=\"canonical\" href=\"https:\/\/birliksendikasi.org\/index.php\/uyelik-basvuru-dilekcesi\" \/>\n<meta property=\"og:locale\" content=\"tr_TR\" \/>\n<meta property=\"og:type\" content=\"article\" \/>\n<meta property=\"og:title\" content=\"\u00dcyelik Ba\u015fvuru | Birlik Sendikas\u0131\" \/>\n<meta property=\"og:description\" content=\"\u00dcyelik \u00d6n Ba\u015fvuru Formu Sendikam\u0131z \u00e7at\u0131s\u0131 alt\u0131nda m\u00fccadele etmek, bir arada olmak ve dayan\u0131\u015fma g\u00f6stermek isteyen m\u00fczik emek\u00e7isi a\u015fa\u011f\u0131daki \u00fcyelik\" \/>\n<meta property=\"og:url\" content=\"https:\/\/birliksendikasi.org\/index.php\/uyelik-basvuru-dilekcesi\" \/>\n<meta property=\"og:site_name\" content=\"Birlik Sendikas\u0131\" \/>\n<meta property=\"article:publisher\" content=\"https:\/\/www.facebook.com\/BirlikSendikasi\" \/>\n<meta property=\"article:modified_time\" content=\"2022-02-21T11:48:39+00:00\" \/>\n<meta property=\"og:image\" content=\"https:\/\/birliksendikasi.org\/wp-content\/uploads\/2021\/09\/sadeceLogo.png\" \/>\n\t<meta property=\"og:image:width\" content=\"832\" \/>\n\t<meta property=\"og:image:height\" content=\"468\" \/>\n\t<meta property=\"og:image:type\" content=\"image\/png\" \/>\n<meta name=\"twitter:card\" content=\"summary_large_image\" \/>\n<meta name=\"twitter:site\" content=\"@birliksendikasi\" \/>\n<meta name=\"twitter:label1\" content=\"Tahmini okuma s\u00fcresi\" \/>\n\t<meta name=\"twitter:data1\" content=\"1 dakika\" \/>\n<script type=\"application\/ld+json\" class=\"yoast-schema-graph\">{\"@context\":\"https:\/\/schema.org\",\"@graph\":[{\"@type\":\"WebPage\",\"@id\":\"https:\/\/birliksendikasi.org\/index.php\/uyelik-basvuru-dilekcesi\",\"url\":\"https:\/\/birliksendikasi.org\/index.php\/uyelik-basvuru-dilekcesi\",\"name\":\"\u00dcyelik Ba\u015fvuru | Birlik Sendikas\u0131\",\"isPartOf\":{\"@id\":\"https:\/\/birliksendikasi.org\/#website\"},\"primaryImageOfPage\":{\"@id\":\"https:\/\/birliksendikasi.org\/index.php\/uyelik-basvuru-dilekcesi#primaryimage\"},\"image\":{\"@id\":\"https:\/\/birliksendikasi.org\/index.php\/uyelik-basvuru-dilekcesi#primaryimage\"},\"thumbnailUrl\":\"https:\/\/birliksendikasi.org\/wp-content\/uploads\/2021\/09\/sadeceLogo.png\",\"datePublished\":\"2021-01-20T21:31:04+00:00\",\"dateModified\":\"2022-02-21T11:48:39+00:00\",\"breadcrumb\":{\"@id\":\"https:\/\/birliksendikasi.org\/index.php\/uyelik-basvuru-dilekcesi#breadcrumb\"},\"inLanguage\":\"tr\",\"potentialAction\":[{\"@type\":\"ReadAction\",\"target\":[\"https:\/\/birliksendikasi.org\/index.php\/uyelik-basvuru-dilekcesi\"]}]},{\"@type\":\"ImageObject\",\"inLanguage\":\"tr\",\"@id\":\"https:\/\/birliksendikasi.org\/index.php\/uyelik-basvuru-dilekcesi#primaryimage\",\"url\":\"https:\/\/birliksendikasi.org\/wp-content\/uploads\/2021\/09\/sadeceLogo.png\",\"contentUrl\":\"https:\/\/birliksendikasi.org\/wp-content\/uploads\/2021\/09\/sadeceLogo.png\",\"width\":832,\"height\":468},{\"@type\":\"BreadcrumbList\",\"@id\":\"https:\/\/birliksendikasi.org\/index.php\/uyelik-basvuru-dilekcesi#breadcrumb\",\"itemListElement\":[{\"@type\":\"ListItem\",\"position\":1,\"name\":\"Ana sayfa\",\"item\":\"https:\/\/birliksendikasi.org\/\"},{\"@type\":\"ListItem\",\"position\":2,\"name\":\"\u00dcyelik Ba\u015fvuru\"}]},{\"@type\":\"WebSite\",\"@id\":\"https:\/\/birliksendikasi.org\/#website\",\"url\":\"https:\/\/birliksendikasi.org\/\",\"name\":\"Birlik Sendikas\u0131\",\"description\":\"G\u00fcc\u00fcm\u00fcz Birli\u011fimizdir\",\"publisher\":{\"@id\":\"https:\/\/birliksendikasi.org\/#organization\"},\"potentialAction\":[{\"@type\":\"SearchAction\",\"target\":{\"@type\":\"EntryPoint\",\"urlTemplate\":\"https:\/\/birliksendikasi.org\/?s={search_term_string}\"},\"query-input\":{\"@type\":\"PropertyValueSpecification\",\"valueRequired\":true,\"valueName\":\"search_term_string\"}}],\"inLanguage\":\"tr\"},{\"@type\":\"Organization\",\"@id\":\"https:\/\/birliksendikasi.org\/#organization\",\"name\":\"Birlik Sendikas\u0131\",\"url\":\"https:\/\/birliksendikasi.org\/\",\"logo\":{\"@type\":\"ImageObject\",\"inLanguage\":\"tr\",\"@id\":\"https:\/\/birliksendikasi.org\/#\/schema\/logo\/image\/\",\"url\":\"https:\/\/birliksendikasi.org\/wp-content\/uploads\/2020\/12\/birlik_logo_large.png\",\"contentUrl\":\"https:\/\/birliksendikasi.org\/wp-content\/uploads\/2020\/12\/birlik_logo_large.png\",\"width\":2032,\"height\":2212,\"caption\":\"Birlik Sendikas\u0131\"},\"image\":{\"@id\":\"https:\/\/birliksendikasi.org\/#\/schema\/logo\/image\/\"},\"sameAs\":[\"https:\/\/www.facebook.com\/BirlikSendikasi\",\"https:\/\/x.com\/birliksendikasi\",\"https:\/\/www.instagram.com\/birliksendikasi\/\",\"https:\/\/www.youtube.com\/channel\/UCLZYFA0siLyRzLKNR75Pp_g\"]}]}<\/script>\n<!-- \/ Yoast SEO plugin. -->","yoast_head_json":{"title":"\u00dcyelik Ba\u015fvuru | Birlik Sendikas\u0131","robots":{"index":"index","follow":"follow","max-snippet":"max-snippet:-1","max-image-preview":"max-image-preview:large","max-video-preview":"max-video-preview:-1"},"canonical":"https:\/\/birliksendikasi.org\/index.php\/uyelik-basvuru-dilekcesi","og_locale":"tr_TR","og_type":"article","og_title":"\u00dcyelik Ba\u015fvuru | Birlik Sendikas\u0131","og_description":"\u00dcyelik \u00d6n Ba\u015fvuru Formu Sendikam\u0131z \u00e7at\u0131s\u0131 alt\u0131nda m\u00fccadele etmek, bir arada olmak ve dayan\u0131\u015fma g\u00f6stermek isteyen m\u00fczik emek\u00e7isi a\u015fa\u011f\u0131daki \u00fcyelik","og_url":"https:\/\/birliksendikasi.org\/index.php\/uyelik-basvuru-dilekcesi","og_site_name":"Birlik Sendikas\u0131","article_publisher":"https:\/\/www.facebook.com\/BirlikSendikasi","article_modified_time":"2022-02-21T11:48:39+00:00","og_image":[{"width":832,"height":468,"url":"https:\/\/birliksendikasi.org\/wp-content\/uploads\/2021\/09\/sadeceLogo.png","type":"image\/png"}],"twitter_card":"summary_large_image","twitter_site":"@birliksendikasi","twitter_misc":{"Tahmini okuma s\u00fcresi":"1 dakika"},"schema":{"@context":"https:\/\/schema.org","@graph":[{"@type":"WebPage","@id":"https:\/\/birliksendikasi.org\/index.php\/uyelik-basvuru-dilekcesi","url":"https:\/\/birliksendikasi.org\/index.php\/uyelik-basvuru-dilekcesi","name":"\u00dcyelik Ba\u015fvuru | Birlik Sendikas\u0131","isPartOf":{"@id":"https:\/\/birliksendikasi.org\/#website"},"primaryImageOfPage":{"@id":"https:\/\/birliksendikasi.org\/index.php\/uyelik-basvuru-dilekcesi#primaryimage"},"image":{"@id":"https:\/\/birliksendikasi.org\/index.php\/uyelik-basvuru-dilekcesi#primaryimage"},"thumbnailUrl":"https:\/\/birliksendikasi.org\/wp-content\/uploads\/2021\/09\/sadeceLogo.png","datePublished":"2021-01-20T21:31:04+00:00","dateModified":"2022-02-21T11:48:39+00:00","breadcrumb":{"@id":"https:\/\/birliksendikasi.org\/index.php\/uyelik-basvuru-dilekcesi#breadcrumb"},"inLanguage":"tr","potentialAction":[{"@type":"ReadAction","target":["https:\/\/birliksendikasi.org\/index.php\/uyelik-basvuru-dilekcesi"]}]},{"@type":"ImageObject","inLanguage":"tr","@id":"https:\/\/birliksendikasi.org\/index.php\/uyelik-basvuru-dilekcesi#primaryimage","url":"https:\/\/birliksendikasi.org\/wp-content\/uploads\/2021\/09\/sadeceLogo.png","contentUrl":"https:\/\/birliksendikasi.org\/wp-content\/uploads\/2021\/09\/sadeceLogo.png","width":832,"height":468},{"@type":"BreadcrumbList","@id":"https:\/\/birliksendikasi.org\/index.php\/uyelik-basvuru-dilekcesi#breadcrumb","itemListElement":[{"@type":"ListItem","position":1,"name":"Ana sayfa","item":"https:\/\/birliksendikasi.org\/"},{"@type":"ListItem","position":2,"name":"\u00dcyelik Ba\u015fvuru"}]},{"@type":"WebSite","@id":"https:\/\/birliksendikasi.org\/#website","url":"https:\/\/birliksendikasi.org\/","name":"Birlik Sendikas\u0131","description":"G\u00fcc\u00fcm\u00fcz Birli\u011fimizdir","publisher":{"@id":"https:\/\/birliksendikasi.org\/#organization"},"potentialAction":[{"@type":"SearchAction","target":{"@type":"EntryPoint","urlTemplate":"https:\/\/birliksendikasi.org\/?s={search_term_string}"},"query-input":{"@type":"PropertyValueSpecification","valueRequired":true,"valueName":"search_term_string"}}],"inLanguage":"tr"},{"@type":"Organization","@id":"https:\/\/birliksendikasi.org\/#organization","name":"Birlik Sendikas\u0131","url":"https:\/\/birliksendikasi.org\/","logo":{"@type":"ImageObject","inLanguage":"tr","@id":"https:\/\/birliksendikasi.org\/#\/schema\/logo\/image\/","url":"https:\/\/birliksendikasi.org\/wp-content\/uploads\/2020\/12\/birlik_logo_large.png","contentUrl":"https:\/\/birliksendikasi.org\/wp-content\/uploads\/2020\/12\/birlik_logo_large.png","width":2032,"height":2212,"caption":"Birlik Sendikas\u0131"},"image":{"@id":"https:\/\/birliksendikasi.org\/#\/schema\/logo\/image\/"},"sameAs":["https:\/\/www.facebook.com\/BirlikSendikasi","https:\/\/x.com\/birliksendikasi","https:\/\/www.instagram.com\/birliksendikasi\/","https:\/\/www.youtube.com\/channel\/UCLZYFA0siLyRzLKNR75Pp_g"]}]}},"_links":{"self":[{"href":"https:\/\/birliksendikasi.org\/index.php\/wp-json\/wp\/v2\/pages\/2088","targetHints":{"allow":["GET"]}}],"collection":[{"href":"https:\/\/birliksendikasi.org\/index.php\/wp-json\/wp\/v2\/pages"}],"about":[{"href":"https:\/\/birliksendikasi.org\/index.php\/wp-json\/wp\/v2\/types\/page"}],"author":[{"embeddable":true,"href":"https:\/\/birliksendikasi.org\/index.php\/wp-json\/wp\/v2\/users\/1"}],"replies":[{"embeddable":true,"href":"https:\/\/birliksendikasi.org\/index.php\/wp-json\/wp\/v2\/comments?post=2088"}],"version-history":[{"count":54,"href":"https:\/\/birliksendikasi.org\/index.php\/wp-json\/wp\/v2\/pages\/2088\/revisions"}],"predecessor-version":[{"id":3204,"href":"https:\/\/birliksendikasi.org\/index.php\/wp-json\/wp\/v2\/pages\/2088\/revisions\/3204"}],"wp:featuredmedia":[{"embeddable":true,"href":"https:\/\/birliksendikasi.org\/index.php\/wp-json\/wp\/v2\/media\/2900"}],"wp:attachment":[{"href":"https:\/\/birliksendikasi.org\/index.php\/wp-json\/wp\/v2\/media?parent=2088"}],"curies":[{"name":"wp","href":"https:\/\/api.w.org\/{rel}","templated":true}]}}