{"id":2565,"date":"2021-04-19T18:42:00","date_gmt":"2021-04-19T15:42:00","guid":{"rendered":"https:\/\/birliksendikasi.org\/?page_id=2565"},"modified":"2021-04-19T22:38:33","modified_gmt":"2021-04-19T19:38:33","slug":"imza-kampanyasi","status":"publish","type":"page","link":"https:\/\/birliksendikasi.org\/index.php\/imza-kampanyasi","title":{"rendered":"\u0130mza Kampanyas\u0131"},"content":{"rendered":"\t\t<div data-elementor-type=\"wp-page\" data-elementor-id=\"2565\" class=\"elementor elementor-2565\" data-elementor-post-type=\"page\">\n\t\t\t\t\t\t<section class=\"elementor-section elementor-top-section elementor-element elementor-element-e18c640 elementor-section-boxed elementor-section-height-default elementor-section-height-default\" data-id=\"e18c640\" data-element_type=\"section\">\n\t\t\t\t\t\t<div class=\"elementor-container elementor-column-gap-default\">\n\t\t\t\t\t<div class=\"elementor-column elementor-col-100 elementor-top-column elementor-element elementor-element-4679bc4\" data-id=\"4679bc4\" data-element_type=\"column\">\n\t\t\t<div class=\"elementor-widget-wrap elementor-element-populated\">\n\t\t\t\t\t\t<div class=\"elementor-element elementor-element-590f7cb elementor-widget elementor-widget-heading\" data-id=\"590f7cb\" data-element_type=\"widget\" data-widget_type=\"heading.default\">\n\t\t\t\t<div class=\"elementor-widget-container\">\n\t\t\t\t\t<h2 class=\"elementor-heading-title elementor-size-default\">D\u0130REKS\u0130YON E\u011e\u0130TMENLER\u0130N\u0130 AC\u0130LEN A\u015eILAYIN<\/h2>\t\t\t\t<\/div>\n\t\t\t\t<\/div>\n\t\t\t\t\t<\/div>\n\t\t<\/div>\n\t\t\t\t\t<\/div>\n\t\t<\/section>\n\t\t\t\t<section class=\"elementor-section elementor-top-section elementor-element elementor-element-0ad9d5c elementor-section-boxed elementor-section-height-default elementor-section-height-default\" data-id=\"0ad9d5c\" data-element_type=\"section\">\n\t\t\t\t\t\t<div class=\"elementor-container elementor-column-gap-default\">\n\t\t\t\t\t<div class=\"elementor-column elementor-col-100 elementor-top-column elementor-element elementor-element-00e4e4c\" data-id=\"00e4e4c\" data-element_type=\"column\">\n\t\t\t<div class=\"elementor-widget-wrap elementor-element-populated\">\n\t\t\t\t\t\t<div class=\"elementor-element elementor-element-1a95670 elementor-widget elementor-widget-text-editor\" data-id=\"1a95670\" data-element_type=\"widget\" data-widget_type=\"text-editor.default\">\n\t\t\t\t<div class=\"elementor-widget-container\">\n\t\t\t\t\t\t\t\t\t<p class=\"MsoNormal\">2020 Mart ay\u0131nda ilan edilen pandemi ile birlikte \u00e7al\u0131\u015fmalar\u0131na ara verilen e\u011fitim kurumlar\u0131ndan S\u00fcr\u00fcc\u00fc Kurslar\u0131 16 Haziran 2020 tarihinde e\u011fitime ba\u015flad\u0131. Herhangi bir \u00f6nlem al\u0131nmadan a\u00e7\u0131lan kurslarda pandemi kurallar\u0131na uyulup uyulmad\u0131\u011f\u0131na dair denetleme de yap\u0131lmad\u0131. Milli E\u011fitim Bakanl\u0131\u011f\u0131, kurs patronlar\u0131n\u0131 d\u00fc\u015f\u00fcnerek kararlar al\u0131rken biz direksiyon e\u011fitmenlerini g\u00f6rmezden geldi. \u00c7al\u0131\u015fma saatlerimizin fazlal\u0131\u011f\u0131, \u00fccret d\u00fc\u015f\u00fckl\u00fc\u011f\u00fc, s\u0131nav \u00fccretlerinin \u00f6denmemesi gibi say\u0131s\u0131z hak gasp\u0131na u\u011frarken salg\u0131n s\u00fcrecinde sa\u011fl\u0131\u011f\u0131m\u0131z\u0131n da hi\u00e7e say\u0131ld\u0131\u011f\u0131n\u0131 g\u00f6rd\u00fck.<\/p>\n<p class=\"MsoNormal\">\u015eimdi de ocak ay\u0131nda ba\u015flayan a\u015f\u0131lama s\u00fcrecinde ad\u0131m\u0131z ge\u00e7miyor. Gerek e\u011fitimlerde gerek s\u0131navlarda bir ara\u00e7 i\u00e7inde farkl\u0131 ki\u015filerle \u00e7al\u0131\u015f\u0131yoruz. S\u0131navlarda 4 ki\u015fi bir ara\u00e7ta 8 saat bulunmak<br>zorunday\u0131z.<\/p>\n<p class=\"MsoNormal\">\u00dclkemizde 70 binin \u00fczerinde direksiyon e\u011fitmeni \u00e7al\u0131\u015f\u0131yor ve 70 bin emek\u00e7i b\u00fcy\u00fck risk alt\u0131nda \u00e7al\u0131\u015fmaya devam ediyor. Salg\u0131n hastal\u0131\u011f\u0131n \u00f6nlenmesindeki \u00f6nemli kriterlerden \u201cmesafe\u201dye \u00e7al\u0131\u015fma ko\u015fullar\u0131m\u0131zda uymak m\u00fcmk\u00fcn<br>de\u011fildir.<\/p>\n<p class=\"MsoNormal\">Biz a\u015fa\u011f\u0131da isimleri yaz\u0131l\u0131 olan direksiyon e\u011fitmenlerinin, Milli E\u011fitim Bakanl\u0131\u011f\u0131 ve Sa\u011fl\u0131k Bakanl\u0131\u011f\u0131\u2019ndan talebimizdir:<\/p>\n<p><\/p>\n<p class=\"MsoNormal\">Direksiyon E\u011fitmenlerini Acilen A\u015f\u0131lay\u0131n.<\/p>\t\t\t\t\t\t\t\t<\/div>\n\t\t\t\t<\/div>\n\t\t\t\t\t<\/div>\n\t\t<\/div>\n\t\t\t\t\t<\/div>\n\t\t<\/section>\n\t\t\t\t<section class=\"elementor-section elementor-top-section elementor-element elementor-element-a2b0cf8 elementor-section-boxed elementor-section-height-default elementor-section-height-default\" data-id=\"a2b0cf8\" data-element_type=\"section\">\n\t\t\t\t\t\t<div class=\"elementor-container elementor-column-gap-default\">\n\t\t\t\t\t<div class=\"elementor-column elementor-col-100 elementor-top-column elementor-element elementor-element-dab2e9e\" data-id=\"dab2e9e\" data-element_type=\"column\">\n\t\t\t<div class=\"elementor-widget-wrap elementor-element-populated\">\n\t\t\t\t\t\t<div class=\"elementor-element elementor-element-77992f3 elementor-widget-mobile__width-initial elementor-widget elementor-widget-text-editor\" data-id=\"77992f3\" data-element_type=\"widget\" data-widget_type=\"text-editor.default\">\n\t\t\t\t<div class=\"elementor-widget-container\">\n\t\t\t\t\t\t\t\t\t<div class=\"everest-forms\"><div class=\"evf-container default\" id=\"evf-2564\"><form id=\"evf-form-2564\" class=\"everest-form\" data-formid=\"2564\" data-ajax_submission=\"0\" data-keyboard_friendly_form=\"0\" data-form_state_type=\"\" method=\"post\" enctype=\"multipart\/form-data\" action=\"\/index.php\/wp-json\/wp\/v2\/pages\/2565\"><div class=\"evf-field-container\"><input type=\"hidden\" id=\"_wpnonce2564\" name=\"_wpnonce2564\" value=\"6ebeb3b0b9\" \/><input type=\"hidden\" name=\"_wp_http_referer\" value=\"\/index.php\/wp-json\/wp\/v2\/pages\/2565\" \/><div class=\"evf-frontend-row\" data-row=\"row_1\" conditional_rules=\"[]\"><div class=\"evf-frontend-grid evf-grid-1\" data-grid=\"grid_1\"><div id=\"evf-2564-field_ys0GeZISRs-1-container\" class=\"evf-field evf-field-first-name form-row validate-required\" data-required-field-message=\"\u0130sim alan\u0131n\u0131n girilmesi zorunludur.\" data-field-id=\"ys0GeZISRs-1\"><label class=\"evf-field-label\" for=\"evf-2564-field_ys0GeZISRs-1\"><span class=\"evf-label\">\u0130sim<\/span> <abbr class=\"required\" title=\"Required\">*<\/abbr><\/label><input type=\"text\" id=\"evf-2564-field_ys0GeZISRs-1\" class=\"input-text\" name=\"everest_forms[form_fields][ys0GeZISRs-1]\" required><\/div><div id=\"evf-2564-field_66FR384cge-3-container\" class=\"evf-field evf-field-text form-row validate-required\" data-required-field-message=\"Soyisim alan\u0131n\u0131n girilmesi zorunludur.\" data-field-id=\"66FR384cge-3\"><label class=\"evf-field-label\" for=\"evf-2564-field_66FR384cge-3\"><span class=\"evf-label\">Soyisim<\/span> <abbr class=\"required\" title=\"Required\">*<\/abbr><\/label><input type=\"text\" id=\"evf-2564-field_66FR384cge-3\" class=\"input-text\" name=\"everest_forms[form_fields][66FR384cge-3]\" required><\/div><div id=\"evf-2564-field_LbH5NxasXM-2-container\" class=\"evf-field evf-field-email form-row validate-required validate-email\" data-required-field-message=\"Email alan\u0131n\u0131n girilmesi zorunludur.\" data-field-id=\"LbH5NxasXM-2\"><label class=\"evf-field-label\" for=\"evf-2564-field_LbH5NxasXM-2\"><span class=\"evf-label\">Email<\/span> <abbr class=\"required\" title=\"Required\">*<\/abbr><\/label><input type=\"email\" id=\"evf-2564-field_LbH5NxasXM-2\" class=\"input-text\" name=\"everest_forms[form_fields][LbH5NxasXM-2]\" required ><\/div><div id=\"evf-2564-field_whvTGutTl9-5-container\" class=\"evf-field evf-field-text form-row validate-required\" data-required-field-message=\"Telefon alan\u0131n\u0131n girilmesi zorunludur.\" data-field-id=\"whvTGutTl9-5\"><label class=\"evf-field-label\" for=\"evf-2564-field_whvTGutTl9-5\"><span class=\"evf-label\">Telefon<\/span> <abbr class=\"required\" title=\"Required\">*<\/abbr><\/label><input type=\"text\" id=\"evf-2564-field_whvTGutTl9-5\" class=\"input-text\" name=\"everest_forms[form_fields][whvTGutTl9-5]\" required><\/div><div id=\"evf-2564-field_9tDyt7Vci4-8-container\" class=\"evf-field evf-field-text form-row validate-required\" data-required-field-message=\"\u0130l alan\u0131n\u0131n girilmesi zorunludur.\" data-field-id=\"9tDyt7Vci4-8\"><label class=\"evf-field-label\" for=\"evf-2564-field_9tDyt7Vci4-8\"><span class=\"evf-label\">\u0130l<\/span> <abbr class=\"required\" title=\"Required\">*<\/abbr><\/label><input type=\"text\" id=\"evf-2564-field_9tDyt7Vci4-8\" class=\"input-text\" name=\"everest_forms[form_fields][9tDyt7Vci4-8]\" required><\/div><div id=\"evf-2564-field_fSwuhTRTgN-9-container\" class=\"evf-field evf-field-text form-row\" data-field-id=\"fSwuhTRTgN-9\"><label class=\"evf-field-label\" for=\"evf-2564-field_fSwuhTRTgN-9\"><span class=\"evf-label\">\u0130l\u00e7e<\/span> <\/label><input type=\"text\" id=\"evf-2564-field_fSwuhTRTgN-9\" class=\"input-text\" name=\"everest_forms[form_fields][fSwuhTRTgN-9]\" ><\/div><\/div><\/div><\/div><div class=\"evf-honeypot-container evf-field-hp\"><label for=\"evf-2564-field-hp\" class=\"evf-field-label\">Website<\/label><input type=\"text\" name=\"everest_forms[hp]\" id=\"evf-2564-field-hp\" class=\"input-text\"><\/div><div class=\"evf-submit-container \" ><input type=\"hidden\" name=\"everest_forms[id]\" value=\"2564\"><input type=\"hidden\" name=\"everest_forms[author]\" value=\"1\"><button type='submit' name='everest_forms[submit]' class='everest-forms-submit-button button evf-submit ' id='evf-submit-2564' value='evf-submit' data-process-text=\"\u0130mzalan\u0131yor\u2026\" conditional_rules='&quot;&quot;' conditional_id='evf-submit-2564'  id=\"evf-submit-2564\" aria-live=\"assertive\">\u0130mzala<\/button><\/div><\/form><\/div><!-- .evf-container --><\/div>\t\t\t\t\t\t\t\t<\/div>\n\t\t\t\t<\/div>\n\t\t\t\t\t<\/div>\n\t\t<\/div>\n\t\t\t\t\t<\/div>\n\t\t<\/section>\n\t\t\t\t<\/div>\n\t\t","protected":false},"excerpt":{"rendered":"<p>D\u0130REKS\u0130YON E\u011e\u0130TMENLER\u0130N\u0130 AC\u0130LEN A\u015eILAYIN 2020 Mart ay\u0131nda ilan edilen pandemi ile birlikte \u00e7al\u0131\u015fmalar\u0131na ara verilen e\u011fitim kurumlar\u0131ndan S\u00fcr\u00fcc\u00fc Kurslar\u0131 16<\/p>\n","protected":false},"author":1,"featured_media":0,"parent":0,"menu_order":0,"comment_status":"closed","ping_status":"closed","template":"","meta":{"colormag_page_container_layout":"default_layout","colormag_page_sidebar_layout":"default_layout","footnotes":""},"class_list":["post-2565","page","type-page","status-publish","hentry"],"yoast_head":"<!-- This site is optimized with the Yoast SEO plugin v26.7 - https:\/\/yoast.com\/wordpress\/plugins\/seo\/ -->\n<title>\u0130mza Kampanyas\u0131 | Birlik Sendikas\u0131<\/title>\n<meta name=\"robots\" content=\"index, follow, max-snippet:-1, max-image-preview:large, max-video-preview:-1\" \/>\n<link rel=\"canonical\" href=\"https:\/\/birliksendikasi.org\/index.php\/imza-kampanyasi\" \/>\n<meta property=\"og:locale\" content=\"tr_TR\" \/>\n<meta property=\"og:type\" content=\"article\" \/>\n<meta property=\"og:title\" content=\"\u0130mza Kampanyas\u0131 | Birlik Sendikas\u0131\" \/>\n<meta property=\"og:description\" content=\"D\u0130REKS\u0130YON E\u011e\u0130TMENLER\u0130N\u0130 AC\u0130LEN A\u015eILAYIN 2020 Mart ay\u0131nda ilan edilen pandemi ile birlikte \u00e7al\u0131\u015fmalar\u0131na ara verilen e\u011fitim kurumlar\u0131ndan S\u00fcr\u00fcc\u00fc Kurslar\u0131 16\" \/>\n<meta property=\"og:url\" content=\"https:\/\/birliksendikasi.org\/index.php\/imza-kampanyasi\" \/>\n<meta property=\"og:site_name\" content=\"Birlik Sendikas\u0131\" \/>\n<meta property=\"article:publisher\" content=\"https:\/\/www.facebook.com\/BirlikSendikasi\" \/>\n<meta property=\"article:modified_time\" content=\"2021-04-19T19:38:33+00:00\" \/>\n<meta name=\"twitter:card\" content=\"summary_large_image\" \/>\n<meta name=\"twitter:site\" content=\"@birliksendikasi\" \/>\n<meta name=\"twitter:label1\" content=\"Tahmini okuma s\u00fcresi\" \/>\n\t<meta name=\"twitter:data1\" content=\"1 dakika\" \/>\n<script type=\"application\/ld+json\" class=\"yoast-schema-graph\">{\"@context\":\"https:\/\/schema.org\",\"@graph\":[{\"@type\":\"WebPage\",\"@id\":\"https:\/\/birliksendikasi.org\/index.php\/imza-kampanyasi\",\"url\":\"https:\/\/birliksendikasi.org\/index.php\/imza-kampanyasi\",\"name\":\"\u0130mza Kampanyas\u0131 | Birlik Sendikas\u0131\",\"isPartOf\":{\"@id\":\"https:\/\/birliksendikasi.org\/#website\"},\"datePublished\":\"2021-04-19T15:42:00+00:00\",\"dateModified\":\"2021-04-19T19:38:33+00:00\",\"breadcrumb\":{\"@id\":\"https:\/\/birliksendikasi.org\/index.php\/imza-kampanyasi#breadcrumb\"},\"inLanguage\":\"tr\",\"potentialAction\":[{\"@type\":\"ReadAction\",\"target\":[\"https:\/\/birliksendikasi.org\/index.php\/imza-kampanyasi\"]}]},{\"@type\":\"BreadcrumbList\",\"@id\":\"https:\/\/birliksendikasi.org\/index.php\/imza-kampanyasi#breadcrumb\",\"itemListElement\":[{\"@type\":\"ListItem\",\"position\":1,\"name\":\"Ana sayfa\",\"item\":\"https:\/\/birliksendikasi.org\/\"},{\"@type\":\"ListItem\",\"position\":2,\"name\":\"\u0130mza Kampanyas\u0131\"}]},{\"@type\":\"WebSite\",\"@id\":\"https:\/\/birliksendikasi.org\/#website\",\"url\":\"https:\/\/birliksendikasi.org\/\",\"name\":\"Birlik Sendikas\u0131\",\"description\":\"G\u00fcc\u00fcm\u00fcz Birli\u011fimizdir\",\"publisher\":{\"@id\":\"https:\/\/birliksendikasi.org\/#organization\"},\"potentialAction\":[{\"@type\":\"SearchAction\",\"target\":{\"@type\":\"EntryPoint\",\"urlTemplate\":\"https:\/\/birliksendikasi.org\/?s={search_term_string}\"},\"query-input\":{\"@type\":\"PropertyValueSpecification\",\"valueRequired\":true,\"valueName\":\"search_term_string\"}}],\"inLanguage\":\"tr\"},{\"@type\":\"Organization\",\"@id\":\"https:\/\/birliksendikasi.org\/#organization\",\"name\":\"Birlik Sendikas\u0131\",\"url\":\"https:\/\/birliksendikasi.org\/\",\"logo\":{\"@type\":\"ImageObject\",\"inLanguage\":\"tr\",\"@id\":\"https:\/\/birliksendikasi.org\/#\/schema\/logo\/image\/\",\"url\":\"https:\/\/birliksendikasi.org\/wp-content\/uploads\/2020\/12\/birlik_logo_large.png\",\"contentUrl\":\"https:\/\/birliksendikasi.org\/wp-content\/uploads\/2020\/12\/birlik_logo_large.png\",\"width\":2032,\"height\":2212,\"caption\":\"Birlik Sendikas\u0131\"},\"image\":{\"@id\":\"https:\/\/birliksendikasi.org\/#\/schema\/logo\/image\/\"},\"sameAs\":[\"https:\/\/www.facebook.com\/BirlikSendikasi\",\"https:\/\/x.com\/birliksendikasi\",\"https:\/\/www.instagram.com\/birliksendikasi\/\",\"https:\/\/www.youtube.com\/channel\/UCLZYFA0siLyRzLKNR75Pp_g\"]}]}<\/script>\n<!-- \/ Yoast SEO plugin. -->","yoast_head_json":{"title":"\u0130mza Kampanyas\u0131 | Birlik Sendikas\u0131","robots":{"index":"index","follow":"follow","max-snippet":"max-snippet:-1","max-image-preview":"max-image-preview:large","max-video-preview":"max-video-preview:-1"},"canonical":"https:\/\/birliksendikasi.org\/index.php\/imza-kampanyasi","og_locale":"tr_TR","og_type":"article","og_title":"\u0130mza Kampanyas\u0131 | Birlik Sendikas\u0131","og_description":"D\u0130REKS\u0130YON E\u011e\u0130TMENLER\u0130N\u0130 AC\u0130LEN A\u015eILAYIN 2020 Mart ay\u0131nda ilan edilen pandemi ile birlikte \u00e7al\u0131\u015fmalar\u0131na ara verilen e\u011fitim kurumlar\u0131ndan S\u00fcr\u00fcc\u00fc Kurslar\u0131 16","og_url":"https:\/\/birliksendikasi.org\/index.php\/imza-kampanyasi","og_site_name":"Birlik Sendikas\u0131","article_publisher":"https:\/\/www.facebook.com\/BirlikSendikasi","article_modified_time":"2021-04-19T19:38:33+00:00","twitter_card":"summary_large_image","twitter_site":"@birliksendikasi","twitter_misc":{"Tahmini okuma s\u00fcresi":"1 dakika"},"schema":{"@context":"https:\/\/schema.org","@graph":[{"@type":"WebPage","@id":"https:\/\/birliksendikasi.org\/index.php\/imza-kampanyasi","url":"https:\/\/birliksendikasi.org\/index.php\/imza-kampanyasi","name":"\u0130mza Kampanyas\u0131 | Birlik Sendikas\u0131","isPartOf":{"@id":"https:\/\/birliksendikasi.org\/#website"},"datePublished":"2021-04-19T15:42:00+00:00","dateModified":"2021-04-19T19:38:33+00:00","breadcrumb":{"@id":"https:\/\/birliksendikasi.org\/index.php\/imza-kampanyasi#breadcrumb"},"inLanguage":"tr","potentialAction":[{"@type":"ReadAction","target":["https:\/\/birliksendikasi.org\/index.php\/imza-kampanyasi"]}]},{"@type":"BreadcrumbList","@id":"https:\/\/birliksendikasi.org\/index.php\/imza-kampanyasi#breadcrumb","itemListElement":[{"@type":"ListItem","position":1,"name":"Ana sayfa","item":"https:\/\/birliksendikasi.org\/"},{"@type":"ListItem","position":2,"name":"\u0130mza Kampanyas\u0131"}]},{"@type":"WebSite","@id":"https:\/\/birliksendikasi.org\/#website","url":"https:\/\/birliksendikasi.org\/","name":"Birlik Sendikas\u0131","description":"G\u00fcc\u00fcm\u00fcz Birli\u011fimizdir","publisher":{"@id":"https:\/\/birliksendikasi.org\/#organization"},"potentialAction":[{"@type":"SearchAction","target":{"@type":"EntryPoint","urlTemplate":"https:\/\/birliksendikasi.org\/?s={search_term_string}"},"query-input":{"@type":"PropertyValueSpecification","valueRequired":true,"valueName":"search_term_string"}}],"inLanguage":"tr"},{"@type":"Organization","@id":"https:\/\/birliksendikasi.org\/#organization","name":"Birlik Sendikas\u0131","url":"https:\/\/birliksendikasi.org\/","logo":{"@type":"ImageObject","inLanguage":"tr","@id":"https:\/\/birliksendikasi.org\/#\/schema\/logo\/image\/","url":"https:\/\/birliksendikasi.org\/wp-content\/uploads\/2020\/12\/birlik_logo_large.png","contentUrl":"https:\/\/birliksendikasi.org\/wp-content\/uploads\/2020\/12\/birlik_logo_large.png","width":2032,"height":2212,"caption":"Birlik Sendikas\u0131"},"image":{"@id":"https:\/\/birliksendikasi.org\/#\/schema\/logo\/image\/"},"sameAs":["https:\/\/www.facebook.com\/BirlikSendikasi","https:\/\/x.com\/birliksendikasi","https:\/\/www.instagram.com\/birliksendikasi\/","https:\/\/www.youtube.com\/channel\/UCLZYFA0siLyRzLKNR75Pp_g"]}]}},"_links":{"self":[{"href":"https:\/\/birliksendikasi.org\/index.php\/wp-json\/wp\/v2\/pages\/2565","targetHints":{"allow":["GET"]}}],"collection":[{"href":"https:\/\/birliksendikasi.org\/index.php\/wp-json\/wp\/v2\/pages"}],"about":[{"href":"https:\/\/birliksendikasi.org\/index.php\/wp-json\/wp\/v2\/types\/page"}],"author":[{"embeddable":true,"href":"https:\/\/birliksendikasi.org\/index.php\/wp-json\/wp\/v2\/users\/1"}],"replies":[{"embeddable":true,"href":"https:\/\/birliksendikasi.org\/index.php\/wp-json\/wp\/v2\/comments?post=2565"}],"version-history":[{"count":19,"href":"https:\/\/birliksendikasi.org\/index.php\/wp-json\/wp\/v2\/pages\/2565\/revisions"}],"predecessor-version":[{"id":2584,"href":"https:\/\/birliksendikasi.org\/index.php\/wp-json\/wp\/v2\/pages\/2565\/revisions\/2584"}],"wp:attachment":[{"href":"https:\/\/birliksendikasi.org\/index.php\/wp-json\/wp\/v2\/media?parent=2565"}],"curies":[{"name":"wp","href":"https:\/\/api.w.org\/{rel}","templated":true}]}}