{"id":2735,"date":"2021-05-25T23:35:01","date_gmt":"2021-05-25T20:35:01","guid":{"rendered":"https:\/\/birliksendikasi.org\/?page_id=2735"},"modified":"2024-01-28T19:10:08","modified_gmt":"2024-01-28T16:10:08","slug":"adresimiz","status":"publish","type":"page","link":"https:\/\/birliksendikasi.org\/index.php\/adresimiz","title":{"rendered":"Adresimiz"},"content":{"rendered":"\t\t<div data-elementor-type=\"wp-page\" data-elementor-id=\"2735\" class=\"elementor elementor-2735\" data-elementor-post-type=\"page\">\n\t\t\t\t\t\t<section class=\"elementor-section elementor-top-section elementor-element elementor-element-e28263d elementor-section-boxed elementor-section-height-default elementor-section-height-default\" data-id=\"e28263d\" data-element_type=\"section\">\n\t\t\t\t\t\t<div class=\"elementor-container elementor-column-gap-default\">\n\t\t\t\t\t<div class=\"elementor-column elementor-col-100 elementor-top-column elementor-element elementor-element-8f677cd\" data-id=\"8f677cd\" data-element_type=\"column\">\n\t\t\t<div class=\"elementor-widget-wrap elementor-element-populated\">\n\t\t\t\t\t\t<div class=\"elementor-element elementor-element-9f47cfd elementor-widget elementor-widget-text-editor\" data-id=\"9f47cfd\" data-element_type=\"widget\" data-widget_type=\"text-editor.default\">\n\t\t\t\t<div class=\"elementor-widget-container\">\n\t\t\t\t\t\t\t\t\t<div><strong>SEND\u0130KAMIZ YEN\u0130 ADRES\u0130NDE<\/strong><\/div><div>Birlik Sendikas\u0131 yeni adresine ta\u015f\u0131nd\u0131. Art\u0131k sendikam\u0131za a\u015fa\u011f\u0131daki adresten ula\u015fabilirsiniz.<\/div><div><strong>\u00c7\u0131nar Mah. Yukar\u0131 Tahsin Bey Sk. Erhan Bey Apt No: 18\/C \u0130dealtepe\/Maltepe-\u0130stanbul<\/strong><\/div>\t\t\t\t\t\t\t\t<\/div>\n\t\t\t\t<\/div>\n\t\t\t\t\t<\/div>\n\t\t<\/div>\n\t\t\t\t\t<\/div>\n\t\t<\/section>\n\t\t\t\t<section class=\"elementor-section elementor-top-section elementor-element elementor-element-cad3e8a elementor-section-height-full elementor-section-items-top elementor-section-content-top elementor-section-boxed elementor-section-height-default\" data-id=\"cad3e8a\" data-element_type=\"section\">\n\t\t\t\t\t\t<div class=\"elementor-container elementor-column-gap-default\">\n\t\t\t\t\t<div class=\"elementor-column elementor-col-100 elementor-top-column elementor-element elementor-element-5fb003a\" data-id=\"5fb003a\" data-element_type=\"column\">\n\t\t\t<div class=\"elementor-widget-wrap elementor-element-populated\">\n\t\t\t\t\t\t<div class=\"elementor-element elementor-element-86bb16c elementor-absolute elementor-widget elementor-widget-text-editor\" data-id=\"86bb16c\" data-element_type=\"widget\" data-settings=\"{&quot;_position&quot;:&quot;absolute&quot;}\" data-widget_type=\"text-editor.default\">\n\t\t\t\t<div class=\"elementor-widget-container\">\n\t\t\t\t\t\t\t\t\t<p><script type=\"text\/javascript\" charset=\"utf-8\" async src=\"https:\/\/api-maps.yandex.ru\/services\/constructor\/1.0\/js\/?um=constructor%3Adea06ef616deb421ad6ffae0bcb5700c089b329b5110f2367ed1d4c591077145&#038;height=464&#038;lang=en_TR&#038;scroll=true\"><\/script><\/p>\t\t\t\t\t\t\t\t<\/div>\n\t\t\t\t<\/div>\n\t\t\t\t\t<\/div>\n\t\t<\/div>\n\t\t\t\t\t<\/div>\n\t\t<\/section>\n\t\t\t\t<\/div>\n\t\t","protected":false},"excerpt":{"rendered":"<p>SEND\u0130KAMIZ YEN\u0130 ADRES\u0130NDEBirlik Sendikas\u0131 yeni adresine ta\u015f\u0131nd\u0131. Art\u0131k sendikam\u0131za a\u015fa\u011f\u0131daki adresten ula\u015fabilirsiniz.\u00c7\u0131nar Mah. Yukar\u0131 Tahsin Bey Sk. Erhan Bey Apt<\/p>\n","protected":false},"author":1,"featured_media":0,"parent":0,"menu_order":0,"comment_status":"closed","ping_status":"closed","template":"elementor_canvas","meta":{"colormag_page_container_layout":"default_layout","colormag_page_sidebar_layout":"default_layout","footnotes":""},"class_list":["post-2735","page","type-page","status-publish","hentry"],"yoast_head":"<!-- This site is optimized with the Yoast SEO plugin v26.7 - https:\/\/yoast.com\/wordpress\/plugins\/seo\/ -->\n<title>Adresimiz | Birlik Sendikas\u0131<\/title>\n<meta name=\"robots\" content=\"index, follow, max-snippet:-1, max-image-preview:large, max-video-preview:-1\" \/>\n<link rel=\"canonical\" href=\"https:\/\/birliksendikasi.org\/index.php\/adresimiz\" \/>\n<meta property=\"og:locale\" content=\"tr_TR\" \/>\n<meta property=\"og:type\" content=\"article\" \/>\n<meta property=\"og:title\" content=\"Adresimiz | Birlik Sendikas\u0131\" \/>\n<meta property=\"og:description\" content=\"SEND\u0130KAMIZ YEN\u0130 ADRES\u0130NDEBirlik Sendikas\u0131 yeni adresine ta\u015f\u0131nd\u0131. Art\u0131k sendikam\u0131za a\u015fa\u011f\u0131daki adresten ula\u015fabilirsiniz.\u00c7\u0131nar Mah. Yukar\u0131 Tahsin Bey Sk. Erhan Bey Apt\" \/>\n<meta property=\"og:url\" content=\"https:\/\/birliksendikasi.org\/index.php\/adresimiz\" \/>\n<meta property=\"og:site_name\" content=\"Birlik Sendikas\u0131\" \/>\n<meta property=\"article:publisher\" content=\"https:\/\/www.facebook.com\/BirlikSendikasi\" \/>\n<meta property=\"article:modified_time\" content=\"2024-01-28T16:10:08+00:00\" \/>\n<meta name=\"twitter:card\" content=\"summary_large_image\" \/>\n<meta name=\"twitter:site\" content=\"@birliksendikasi\" \/>\n<meta name=\"twitter:label1\" content=\"Tahmini okuma s\u00fcresi\" \/>\n\t<meta name=\"twitter:data1\" content=\"1 dakika\" \/>\n<script type=\"application\/ld+json\" class=\"yoast-schema-graph\">{\"@context\":\"https:\/\/schema.org\",\"@graph\":[{\"@type\":\"WebPage\",\"@id\":\"https:\/\/birliksendikasi.org\/index.php\/adresimiz\",\"url\":\"https:\/\/birliksendikasi.org\/index.php\/adresimiz\",\"name\":\"Adresimiz | Birlik Sendikas\u0131\",\"isPartOf\":{\"@id\":\"https:\/\/birliksendikasi.org\/#website\"},\"datePublished\":\"2021-05-25T20:35:01+00:00\",\"dateModified\":\"2024-01-28T16:10:08+00:00\",\"breadcrumb\":{\"@id\":\"https:\/\/birliksendikasi.org\/index.php\/adresimiz#breadcrumb\"},\"inLanguage\":\"tr\",\"potentialAction\":[{\"@type\":\"ReadAction\",\"target\":[\"https:\/\/birliksendikasi.org\/index.php\/adresimiz\"]}]},{\"@type\":\"BreadcrumbList\",\"@id\":\"https:\/\/birliksendikasi.org\/index.php\/adresimiz#breadcrumb\",\"itemListElement\":[{\"@type\":\"ListItem\",\"position\":1,\"name\":\"Ana sayfa\",\"item\":\"https:\/\/birliksendikasi.org\/\"},{\"@type\":\"ListItem\",\"position\":2,\"name\":\"Adresimiz\"}]},{\"@type\":\"WebSite\",\"@id\":\"https:\/\/birliksendikasi.org\/#website\",\"url\":\"https:\/\/birliksendikasi.org\/\",\"name\":\"Birlik Sendikas\u0131\",\"description\":\"G\u00fcc\u00fcm\u00fcz Birli\u011fimizdir\",\"publisher\":{\"@id\":\"https:\/\/birliksendikasi.org\/#organization\"},\"potentialAction\":[{\"@type\":\"SearchAction\",\"target\":{\"@type\":\"EntryPoint\",\"urlTemplate\":\"https:\/\/birliksendikasi.org\/?s={search_term_string}\"},\"query-input\":{\"@type\":\"PropertyValueSpecification\",\"valueRequired\":true,\"valueName\":\"search_term_string\"}}],\"inLanguage\":\"tr\"},{\"@type\":\"Organization\",\"@id\":\"https:\/\/birliksendikasi.org\/#organization\",\"name\":\"Birlik Sendikas\u0131\",\"url\":\"https:\/\/birliksendikasi.org\/\",\"logo\":{\"@type\":\"ImageObject\",\"inLanguage\":\"tr\",\"@id\":\"https:\/\/birliksendikasi.org\/#\/schema\/logo\/image\/\",\"url\":\"https:\/\/birliksendikasi.org\/wp-content\/uploads\/2020\/12\/birlik_logo_large.png\",\"contentUrl\":\"https:\/\/birliksendikasi.org\/wp-content\/uploads\/2020\/12\/birlik_logo_large.png\",\"width\":2032,\"height\":2212,\"caption\":\"Birlik Sendikas\u0131\"},\"image\":{\"@id\":\"https:\/\/birliksendikasi.org\/#\/schema\/logo\/image\/\"},\"sameAs\":[\"https:\/\/www.facebook.com\/BirlikSendikasi\",\"https:\/\/x.com\/birliksendikasi\",\"https:\/\/www.instagram.com\/birliksendikasi\/\",\"https:\/\/www.youtube.com\/channel\/UCLZYFA0siLyRzLKNR75Pp_g\"]}]}<\/script>\n<!-- \/ Yoast SEO plugin. -->","yoast_head_json":{"title":"Adresimiz | Birlik Sendikas\u0131","robots":{"index":"index","follow":"follow","max-snippet":"max-snippet:-1","max-image-preview":"max-image-preview:large","max-video-preview":"max-video-preview:-1"},"canonical":"https:\/\/birliksendikasi.org\/index.php\/adresimiz","og_locale":"tr_TR","og_type":"article","og_title":"Adresimiz | Birlik Sendikas\u0131","og_description":"SEND\u0130KAMIZ YEN\u0130 ADRES\u0130NDEBirlik Sendikas\u0131 yeni adresine ta\u015f\u0131nd\u0131. Art\u0131k sendikam\u0131za a\u015fa\u011f\u0131daki adresten ula\u015fabilirsiniz.\u00c7\u0131nar Mah. Yukar\u0131 Tahsin Bey Sk. Erhan Bey Apt","og_url":"https:\/\/birliksendikasi.org\/index.php\/adresimiz","og_site_name":"Birlik Sendikas\u0131","article_publisher":"https:\/\/www.facebook.com\/BirlikSendikasi","article_modified_time":"2024-01-28T16:10:08+00:00","twitter_card":"summary_large_image","twitter_site":"@birliksendikasi","twitter_misc":{"Tahmini okuma s\u00fcresi":"1 dakika"},"schema":{"@context":"https:\/\/schema.org","@graph":[{"@type":"WebPage","@id":"https:\/\/birliksendikasi.org\/index.php\/adresimiz","url":"https:\/\/birliksendikasi.org\/index.php\/adresimiz","name":"Adresimiz | Birlik Sendikas\u0131","isPartOf":{"@id":"https:\/\/birliksendikasi.org\/#website"},"datePublished":"2021-05-25T20:35:01+00:00","dateModified":"2024-01-28T16:10:08+00:00","breadcrumb":{"@id":"https:\/\/birliksendikasi.org\/index.php\/adresimiz#breadcrumb"},"inLanguage":"tr","potentialAction":[{"@type":"ReadAction","target":["https:\/\/birliksendikasi.org\/index.php\/adresimiz"]}]},{"@type":"BreadcrumbList","@id":"https:\/\/birliksendikasi.org\/index.php\/adresimiz#breadcrumb","itemListElement":[{"@type":"ListItem","position":1,"name":"Ana sayfa","item":"https:\/\/birliksendikasi.org\/"},{"@type":"ListItem","position":2,"name":"Adresimiz"}]},{"@type":"WebSite","@id":"https:\/\/birliksendikasi.org\/#website","url":"https:\/\/birliksendikasi.org\/","name":"Birlik Sendikas\u0131","description":"G\u00fcc\u00fcm\u00fcz Birli\u011fimizdir","publisher":{"@id":"https:\/\/birliksendikasi.org\/#organization"},"potentialAction":[{"@type":"SearchAction","target":{"@type":"EntryPoint","urlTemplate":"https:\/\/birliksendikasi.org\/?s={search_term_string}"},"query-input":{"@type":"PropertyValueSpecification","valueRequired":true,"valueName":"search_term_string"}}],"inLanguage":"tr"},{"@type":"Organization","@id":"https:\/\/birliksendikasi.org\/#organization","name":"Birlik Sendikas\u0131","url":"https:\/\/birliksendikasi.org\/","logo":{"@type":"ImageObject","inLanguage":"tr","@id":"https:\/\/birliksendikasi.org\/#\/schema\/logo\/image\/","url":"https:\/\/birliksendikasi.org\/wp-content\/uploads\/2020\/12\/birlik_logo_large.png","contentUrl":"https:\/\/birliksendikasi.org\/wp-content\/uploads\/2020\/12\/birlik_logo_large.png","width":2032,"height":2212,"caption":"Birlik Sendikas\u0131"},"image":{"@id":"https:\/\/birliksendikasi.org\/#\/schema\/logo\/image\/"},"sameAs":["https:\/\/www.facebook.com\/BirlikSendikasi","https:\/\/x.com\/birliksendikasi","https:\/\/www.instagram.com\/birliksendikasi\/","https:\/\/www.youtube.com\/channel\/UCLZYFA0siLyRzLKNR75Pp_g"]}]}},"_links":{"self":[{"href":"https:\/\/birliksendikasi.org\/index.php\/wp-json\/wp\/v2\/pages\/2735","targetHints":{"allow":["GET"]}}],"collection":[{"href":"https:\/\/birliksendikasi.org\/index.php\/wp-json\/wp\/v2\/pages"}],"about":[{"href":"https:\/\/birliksendikasi.org\/index.php\/wp-json\/wp\/v2\/types\/page"}],"author":[{"embeddable":true,"href":"https:\/\/birliksendikasi.org\/index.php\/wp-json\/wp\/v2\/users\/1"}],"replies":[{"embeddable":true,"href":"https:\/\/birliksendikasi.org\/index.php\/wp-json\/wp\/v2\/comments?post=2735"}],"version-history":[{"count":41,"href":"https:\/\/birliksendikasi.org\/index.php\/wp-json\/wp\/v2\/pages\/2735\/revisions"}],"predecessor-version":[{"id":3518,"href":"https:\/\/birliksendikasi.org\/index.php\/wp-json\/wp\/v2\/pages\/2735\/revisions\/3518"}],"wp:attachment":[{"href":"https:\/\/birliksendikasi.org\/index.php\/wp-json\/wp\/v2\/media?parent=2735"}],"curies":[{"name":"wp","href":"https:\/\/api.w.org\/{rel}","templated":true}]}}