{"id":294,"date":"2020-10-04T11:28:43","date_gmt":"2020-10-04T08:28:43","guid":{"rendered":"http:\/\/birliksendikasi.org\/?page_id=294"},"modified":"2020-12-06T15:13:16","modified_gmt":"2020-12-06T12:13:16","slug":"dayanisma","status":"publish","type":"page","link":"https:\/\/birliksendikasi.org\/index.php\/dayanisma","title":{"rendered":"Dayan\u0131\u015fma"},"content":{"rendered":"\t\t<div data-elementor-type=\"wp-page\" data-elementor-id=\"294\" class=\"elementor elementor-294\" data-elementor-post-type=\"page\">\n\t\t\t\t\t\t<section class=\"elementor-section elementor-top-section elementor-element elementor-element-2f118f7d elementor-section-boxed elementor-section-height-default elementor-section-height-default\" data-id=\"2f118f7d\" data-element_type=\"section\">\n\t\t\t\t\t\t<div class=\"elementor-container elementor-column-gap-default\">\n\t\t\t\t\t<div class=\"elementor-column elementor-col-100 elementor-top-column elementor-element elementor-element-2c0de86f\" data-id=\"2c0de86f\" data-element_type=\"column\">\n\t\t\t<div class=\"elementor-widget-wrap elementor-element-populated\">\n\t\t\t\t\t\t<div class=\"elementor-element elementor-element-277c88b elementor-widget elementor-widget-text-editor\" data-id=\"277c88b\" data-element_type=\"widget\" data-widget_type=\"text-editor.default\">\n\t\t\t\t<div class=\"elementor-widget-container\">\n\t\t\t\t\t\t\t\t\t<p><\/p>\n<figure class=\"wp-block-image size-large\"><img fetchpriority=\"high\" decoding=\"async\" width=\"600\" height=\"263\" class=\"wp-image-295\" src=\"https:\/\/birliksendikasi.org\/wp-content\/uploads\/2020\/10\/ilkbildiridenpencere.png\" alt=\"\" srcset=\"https:\/\/birliksendikasi.org\/wp-content\/uploads\/2020\/10\/ilkbildiridenpencere.png 600w, https:\/\/birliksendikasi.org\/wp-content\/uploads\/2020\/10\/ilkbildiridenpencere-300x132.png 300w\" sizes=\"(max-width: 600px) 100vw, 600px\" \/><\/figure>\n<p><\/p>\n<h6><a href=\"https:\/\/patronlarinensesindeyiz.org\/\">PATRONLARIN ENSES\u0130NDEY\u0130Z Dayan\u0131\u015fma Haberle\u015fme ve M\u00fccadele A\u011f\u0131<\/a><\/h6>\n<div id=\"highlighter--hover-tools\" style=\"display: none;\">\n<div id=\"highlighter--hover-tools--container\">\n<div class=\"highlighter--icon highlighter--icon-copy\" title=\"Copy\">&nbsp;<\/div>\n<div class=\"highlighter--separator\">&nbsp;<\/div>\n<div class=\"highlighter--icon highlighter--icon-delete\" title=\"Delete\">&nbsp;<\/div>\n<\/div>\n<\/div>\n<div id=\"highlighter--hover-tools\" style=\"display: none;\">\n<div id=\"highlighter--hover-tools--container\">\n<div class=\"highlighter--icon highlighter--icon-copy\" title=\"Copy\">&nbsp;<\/div>\n<div class=\"highlighter--separator\">&nbsp;<\/div>\n<div class=\"highlighter--icon highlighter--icon-delete\" title=\"Delete\">&nbsp;<\/div>\n<\/div>\n<\/div>\t\t\t\t\t\t\t\t<\/div>\n\t\t\t\t<\/div>\n\t\t\t\t\t<\/div>\n\t\t<\/div>\n\t\t\t\t\t<\/div>\n\t\t<\/section>\n\t\t\t\t<section class=\"elementor-section elementor-top-section elementor-element elementor-element-3e12a4d elementor-section-content-middle elementor-section-height-min-height elementor-hidden-phone elementor-section-boxed elementor-section-height-default elementor-section-items-middle\" data-id=\"3e12a4d\" data-element_type=\"section\" data-settings=\"{&quot;background_background&quot;:&quot;classic&quot;}\">\n\t\t\t\t\t\t\t<div class=\"elementor-background-overlay\"><\/div>\n\t\t\t\t\t\t\t<div class=\"elementor-container elementor-column-gap-default\">\n\t\t\t\t\t<div class=\"elementor-column elementor-col-66 elementor-top-column elementor-element elementor-element-24dc409\" data-id=\"24dc409\" data-element_type=\"column\">\n\t\t\t<div class=\"elementor-widget-wrap elementor-element-populated\">\n\t\t\t\t\t\t<div class=\"elementor-element elementor-element-9248151 elementor-invisible elementor-widget elementor-widget-text-editor\" data-id=\"9248151\" data-element_type=\"widget\" data-settings=\"{&quot;_animation&quot;:&quot;fadeInDown&quot;}\" data-widget_type=\"text-editor.default\">\n\t\t\t\t<div class=\"elementor-widget-container\">\n\t\t\t\t\t\t\t\t\t<p>G\u00dcC\u00dcM\u00dcZ B\u0130RL\u0130\u011e\u0130M\u0130ZD\u0130R, B\u0130RL\u0130K SEND\u0130KA&#8217;sIna \u00fcye OL!<\/p><div id=\"highlighter--hover-tools\" style=\"display: none;\"><div id=\"highlighter--hover-tools--container\"><div class=\"highlighter--icon highlighter--icon-copy\" title=\"Copy\">\u00a0<\/div><div class=\"highlighter--separator\">\u00a0<\/div><div class=\"highlighter--icon highlighter--icon-delete\" title=\"Delete\">\u00a0<\/div><\/div><\/div><div id=\"highlighter--hover-tools\" style=\"display: none;\"><div id=\"highlighter--hover-tools--container\"><div class=\"highlighter--icon highlighter--icon-copy\" title=\"Copy\">\u00a0<\/div><div class=\"highlighter--separator\">\u00a0<\/div><div class=\"highlighter--icon highlighter--icon-delete\" title=\"Delete\">\u00a0<\/div><\/div><\/div><div id=\"highlighter--hover-tools\" style=\"display: none;\"><div id=\"highlighter--hover-tools--container\"><div class=\"highlighter--icon highlighter--icon-copy\" title=\"Copy\">\u00a0<\/div><div class=\"highlighter--separator\">\u00a0<\/div><div class=\"highlighter--icon highlighter--icon-delete\" title=\"Delete\">\u00a0<\/div><\/div><\/div><div id=\"highlighter--hover-tools\" style=\"display: none;\"><div id=\"highlighter--hover-tools--container\"><div class=\"highlighter--icon highlighter--icon-copy\" title=\"Copy\">\u00a0<\/div><div class=\"highlighter--separator\">\u00a0<\/div><div class=\"highlighter--icon highlighter--icon-delete\" title=\"Delete\">\u00a0<\/div><\/div><\/div><div id=\"highlighter--hover-tools\" style=\"display: none;\"><div id=\"highlighter--hover-tools--container\"><div class=\"highlighter--icon highlighter--icon-copy\" title=\"Copy\">\u00a0<\/div><div class=\"highlighter--separator\">\u00a0<\/div><div class=\"highlighter--icon highlighter--icon-delete\" title=\"Delete\">\u00a0<\/div><\/div><\/div><div id=\"highlighter--hover-tools\" style=\"display: none;\"><div id=\"highlighter--hover-tools--container\"><div class=\"highlighter--icon highlighter--icon-copy\" title=\"Copy\">\u00a0<\/div><div class=\"highlighter--separator\">\u00a0<\/div><div class=\"highlighter--icon highlighter--icon-delete\" title=\"Delete\">\u00a0<\/div><\/div><\/div>\t\t\t\t\t\t\t\t<\/div>\n\t\t\t\t<\/div>\n\t\t\t\t<div class=\"elementor-element elementor-element-e30442a animated-slow elementor-invisible elementor-widget elementor-widget-heading\" data-id=\"e30442a\" data-element_type=\"widget\" data-settings=\"{&quot;_animation&quot;:&quot;fadeIn&quot;,&quot;_animation_delay&quot;:600}\" data-widget_type=\"heading.default\">\n\t\t\t\t<div class=\"elementor-widget-container\">\n\t\t\t\t\t<h2 class=\"elementor-heading-title elementor-size-default\">B\u0130RL\u0130K OL!<\/h2>\t\t\t\t<\/div>\n\t\t\t\t<\/div>\n\t\t\t\t\t<\/div>\n\t\t<\/div>\n\t\t\t\t<div class=\"elementor-column elementor-col-33 elementor-top-column elementor-element elementor-element-6c08de3\" data-id=\"6c08de3\" data-element_type=\"column\">\n\t\t\t<div class=\"elementor-widget-wrap elementor-element-populated\">\n\t\t\t\t\t\t<div class=\"elementor-element elementor-element-deb03ea elementor-widget elementor-widget-image\" data-id=\"deb03ea\" data-element_type=\"widget\" data-widget_type=\"image.default\">\n\t\t\t\t<div class=\"elementor-widget-container\">\n\t\t\t\t\t\t\t\t\t\t\t\t\t\t\t\t<a href=\"https:\/\/birliksendikasi.org\/index.php\/kimler-uye-olabilir\">\n\t\t\t\t\t\t\t<img decoding=\"async\" width=\"800\" height=\"450\" src=\"https:\/\/birliksendikasi.org\/wp-content\/uploads\/2020\/12\/uyeol3-1024x576.png\" class=\"attachment-large size-large wp-image-786\" alt=\"\" srcset=\"https:\/\/birliksendikasi.org\/wp-content\/uploads\/2020\/12\/uyeol3-1024x576.png 1024w, https:\/\/birliksendikasi.org\/wp-content\/uploads\/2020\/12\/uyeol3-300x169.png 300w, https:\/\/birliksendikasi.org\/wp-content\/uploads\/2020\/12\/uyeol3-768x432.png 768w, https:\/\/birliksendikasi.org\/wp-content\/uploads\/2020\/12\/uyeol3-1536x864.png 1536w, https:\/\/birliksendikasi.org\/wp-content\/uploads\/2020\/12\/uyeol3.png 1920w\" sizes=\"(max-width: 800px) 100vw, 800px\" \/>\t\t\t\t\t\t\t\t<\/a>\n\t\t\t\t\t\t\t\t\t\t\t\t\t\t\t<\/div>\n\t\t\t\t<\/div>\n\t\t\t\t\t<\/div>\n\t\t<\/div>\n\t\t\t\t\t<\/div>\n\t\t<\/section>\n\t\t\t\t<\/div>\n\t\t","protected":false},"excerpt":{"rendered":"<p>PATRONLARIN ENSES\u0130NDEY\u0130Z Dayan\u0131\u015fma Haberle\u015fme ve M\u00fccadele A\u011f\u0131 &nbsp; &nbsp; &nbsp; &nbsp; &nbsp; &nbsp; G\u00dcC\u00dcM\u00dcZ B\u0130RL\u0130\u011e\u0130M\u0130ZD\u0130R, B\u0130RL\u0130K SEND\u0130KA&#8217;sIna \u00fcye OL! \u00a0\u00a0\u00a0\u00a0\u00a0\u00a0\u00a0\u00a0\u00a0\u00a0\u00a0\u00a0\u00a0\u00a0\u00a0\u00a0\u00a0\u00a0<\/p>\n","protected":false},"author":6,"featured_media":0,"parent":0,"menu_order":0,"comment_status":"closed","ping_status":"closed","template":"","meta":{"colormag_page_container_layout":"default_layout","colormag_page_sidebar_layout":"default_layout","footnotes":""},"class_list":["post-294","page","type-page","status-publish","hentry"],"yoast_head":"<!-- This site is optimized with the Yoast SEO plugin v26.7 - https:\/\/yoast.com\/wordpress\/plugins\/seo\/ -->\n<title>Dayan\u0131\u015fma | Birlik Sendikas\u0131<\/title>\n<meta name=\"robots\" content=\"index, follow, max-snippet:-1, max-image-preview:large, max-video-preview:-1\" \/>\n<link rel=\"canonical\" href=\"https:\/\/birliksendikasi.org\/index.php\/dayanisma\" \/>\n<meta property=\"og:locale\" content=\"tr_TR\" \/>\n<meta property=\"og:type\" content=\"article\" \/>\n<meta property=\"og:title\" content=\"Dayan\u0131\u015fma | Birlik Sendikas\u0131\" \/>\n<meta property=\"og:description\" content=\"PATRONLARIN ENSES\u0130NDEY\u0130Z Dayan\u0131\u015fma Haberle\u015fme ve M\u00fccadele A\u011f\u0131 &nbsp; &nbsp; &nbsp; &nbsp; &nbsp; &nbsp; G\u00dcC\u00dcM\u00dcZ B\u0130RL\u0130\u011e\u0130M\u0130ZD\u0130R, B\u0130RL\u0130K SEND\u0130KA&#8217;sIna \u00fcye OL! \u00a0\u00a0\u00a0\u00a0\u00a0\u00a0\u00a0\u00a0\u00a0\u00a0\u00a0\u00a0\u00a0\u00a0\u00a0\u00a0\u00a0\u00a0\" \/>\n<meta property=\"og:url\" content=\"https:\/\/birliksendikasi.org\/index.php\/dayanisma\" \/>\n<meta property=\"og:site_name\" content=\"Birlik Sendikas\u0131\" \/>\n<meta property=\"article:publisher\" content=\"https:\/\/www.facebook.com\/BirlikSendikasi\" \/>\n<meta property=\"article:modified_time\" content=\"2020-12-06T12:13:16+00:00\" \/>\n<meta property=\"og:image\" content=\"http:\/\/birliksendikasi.org\/wp-content\/uploads\/2020\/10\/ilkbildiridenpencere.png\" \/>\n<meta name=\"twitter:card\" content=\"summary_large_image\" \/>\n<meta name=\"twitter:site\" content=\"@birliksendikasi\" \/>\n<script type=\"application\/ld+json\" class=\"yoast-schema-graph\">{\"@context\":\"https:\/\/schema.org\",\"@graph\":[{\"@type\":\"WebPage\",\"@id\":\"https:\/\/birliksendikasi.org\/index.php\/dayanisma\",\"url\":\"https:\/\/birliksendikasi.org\/index.php\/dayanisma\",\"name\":\"Dayan\u0131\u015fma | Birlik Sendikas\u0131\",\"isPartOf\":{\"@id\":\"https:\/\/birliksendikasi.org\/#website\"},\"primaryImageOfPage\":{\"@id\":\"https:\/\/birliksendikasi.org\/index.php\/dayanisma#primaryimage\"},\"image\":{\"@id\":\"https:\/\/birliksendikasi.org\/index.php\/dayanisma#primaryimage\"},\"thumbnailUrl\":\"http:\/\/birliksendikasi.org\/wp-content\/uploads\/2020\/10\/ilkbildiridenpencere.png\",\"datePublished\":\"2020-10-04T08:28:43+00:00\",\"dateModified\":\"2020-12-06T12:13:16+00:00\",\"breadcrumb\":{\"@id\":\"https:\/\/birliksendikasi.org\/index.php\/dayanisma#breadcrumb\"},\"inLanguage\":\"tr\",\"potentialAction\":[{\"@type\":\"ReadAction\",\"target\":[\"https:\/\/birliksendikasi.org\/index.php\/dayanisma\"]}]},{\"@type\":\"ImageObject\",\"inLanguage\":\"tr\",\"@id\":\"https:\/\/birliksendikasi.org\/index.php\/dayanisma#primaryimage\",\"url\":\"https:\/\/birliksendikasi.org\/wp-content\/uploads\/2020\/10\/ilkbildiridenpencere.png\",\"contentUrl\":\"https:\/\/birliksendikasi.org\/wp-content\/uploads\/2020\/10\/ilkbildiridenpencere.png\",\"width\":600,\"height\":263},{\"@type\":\"BreadcrumbList\",\"@id\":\"https:\/\/birliksendikasi.org\/index.php\/dayanisma#breadcrumb\",\"itemListElement\":[{\"@type\":\"ListItem\",\"position\":1,\"name\":\"Ana sayfa\",\"item\":\"https:\/\/birliksendikasi.org\/\"},{\"@type\":\"ListItem\",\"position\":2,\"name\":\"Dayan\u0131\u015fma\"}]},{\"@type\":\"WebSite\",\"@id\":\"https:\/\/birliksendikasi.org\/#website\",\"url\":\"https:\/\/birliksendikasi.org\/\",\"name\":\"Birlik Sendikas\u0131\",\"description\":\"G\u00fcc\u00fcm\u00fcz Birli\u011fimizdir\",\"publisher\":{\"@id\":\"https:\/\/birliksendikasi.org\/#organization\"},\"potentialAction\":[{\"@type\":\"SearchAction\",\"target\":{\"@type\":\"EntryPoint\",\"urlTemplate\":\"https:\/\/birliksendikasi.org\/?s={search_term_string}\"},\"query-input\":{\"@type\":\"PropertyValueSpecification\",\"valueRequired\":true,\"valueName\":\"search_term_string\"}}],\"inLanguage\":\"tr\"},{\"@type\":\"Organization\",\"@id\":\"https:\/\/birliksendikasi.org\/#organization\",\"name\":\"Birlik Sendikas\u0131\",\"url\":\"https:\/\/birliksendikasi.org\/\",\"logo\":{\"@type\":\"ImageObject\",\"inLanguage\":\"tr\",\"@id\":\"https:\/\/birliksendikasi.org\/#\/schema\/logo\/image\/\",\"url\":\"https:\/\/birliksendikasi.org\/wp-content\/uploads\/2020\/12\/birlik_logo_large.png\",\"contentUrl\":\"https:\/\/birliksendikasi.org\/wp-content\/uploads\/2020\/12\/birlik_logo_large.png\",\"width\":2032,\"height\":2212,\"caption\":\"Birlik Sendikas\u0131\"},\"image\":{\"@id\":\"https:\/\/birliksendikasi.org\/#\/schema\/logo\/image\/\"},\"sameAs\":[\"https:\/\/www.facebook.com\/BirlikSendikasi\",\"https:\/\/x.com\/birliksendikasi\",\"https:\/\/www.instagram.com\/birliksendikasi\/\",\"https:\/\/www.youtube.com\/channel\/UCLZYFA0siLyRzLKNR75Pp_g\"]}]}<\/script>\n<!-- \/ Yoast SEO plugin. -->","yoast_head_json":{"title":"Dayan\u0131\u015fma | Birlik Sendikas\u0131","robots":{"index":"index","follow":"follow","max-snippet":"max-snippet:-1","max-image-preview":"max-image-preview:large","max-video-preview":"max-video-preview:-1"},"canonical":"https:\/\/birliksendikasi.org\/index.php\/dayanisma","og_locale":"tr_TR","og_type":"article","og_title":"Dayan\u0131\u015fma | Birlik Sendikas\u0131","og_description":"PATRONLARIN ENSES\u0130NDEY\u0130Z Dayan\u0131\u015fma Haberle\u015fme ve M\u00fccadele A\u011f\u0131 &nbsp; &nbsp; &nbsp; &nbsp; &nbsp; &nbsp; G\u00dcC\u00dcM\u00dcZ B\u0130RL\u0130\u011e\u0130M\u0130ZD\u0130R, B\u0130RL\u0130K SEND\u0130KA&#8217;sIna \u00fcye OL! \u00a0\u00a0\u00a0\u00a0\u00a0\u00a0\u00a0\u00a0\u00a0\u00a0\u00a0\u00a0\u00a0\u00a0\u00a0\u00a0\u00a0\u00a0","og_url":"https:\/\/birliksendikasi.org\/index.php\/dayanisma","og_site_name":"Birlik Sendikas\u0131","article_publisher":"https:\/\/www.facebook.com\/BirlikSendikasi","article_modified_time":"2020-12-06T12:13:16+00:00","og_image":[{"url":"http:\/\/birliksendikasi.org\/wp-content\/uploads\/2020\/10\/ilkbildiridenpencere.png","type":"","width":"","height":""}],"twitter_card":"summary_large_image","twitter_site":"@birliksendikasi","schema":{"@context":"https:\/\/schema.org","@graph":[{"@type":"WebPage","@id":"https:\/\/birliksendikasi.org\/index.php\/dayanisma","url":"https:\/\/birliksendikasi.org\/index.php\/dayanisma","name":"Dayan\u0131\u015fma | Birlik Sendikas\u0131","isPartOf":{"@id":"https:\/\/birliksendikasi.org\/#website"},"primaryImageOfPage":{"@id":"https:\/\/birliksendikasi.org\/index.php\/dayanisma#primaryimage"},"image":{"@id":"https:\/\/birliksendikasi.org\/index.php\/dayanisma#primaryimage"},"thumbnailUrl":"http:\/\/birliksendikasi.org\/wp-content\/uploads\/2020\/10\/ilkbildiridenpencere.png","datePublished":"2020-10-04T08:28:43+00:00","dateModified":"2020-12-06T12:13:16+00:00","breadcrumb":{"@id":"https:\/\/birliksendikasi.org\/index.php\/dayanisma#breadcrumb"},"inLanguage":"tr","potentialAction":[{"@type":"ReadAction","target":["https:\/\/birliksendikasi.org\/index.php\/dayanisma"]}]},{"@type":"ImageObject","inLanguage":"tr","@id":"https:\/\/birliksendikasi.org\/index.php\/dayanisma#primaryimage","url":"https:\/\/birliksendikasi.org\/wp-content\/uploads\/2020\/10\/ilkbildiridenpencere.png","contentUrl":"https:\/\/birliksendikasi.org\/wp-content\/uploads\/2020\/10\/ilkbildiridenpencere.png","width":600,"height":263},{"@type":"BreadcrumbList","@id":"https:\/\/birliksendikasi.org\/index.php\/dayanisma#breadcrumb","itemListElement":[{"@type":"ListItem","position":1,"name":"Ana sayfa","item":"https:\/\/birliksendikasi.org\/"},{"@type":"ListItem","position":2,"name":"Dayan\u0131\u015fma"}]},{"@type":"WebSite","@id":"https:\/\/birliksendikasi.org\/#website","url":"https:\/\/birliksendikasi.org\/","name":"Birlik Sendikas\u0131","description":"G\u00fcc\u00fcm\u00fcz Birli\u011fimizdir","publisher":{"@id":"https:\/\/birliksendikasi.org\/#organization"},"potentialAction":[{"@type":"SearchAction","target":{"@type":"EntryPoint","urlTemplate":"https:\/\/birliksendikasi.org\/?s={search_term_string}"},"query-input":{"@type":"PropertyValueSpecification","valueRequired":true,"valueName":"search_term_string"}}],"inLanguage":"tr"},{"@type":"Organization","@id":"https:\/\/birliksendikasi.org\/#organization","name":"Birlik Sendikas\u0131","url":"https:\/\/birliksendikasi.org\/","logo":{"@type":"ImageObject","inLanguage":"tr","@id":"https:\/\/birliksendikasi.org\/#\/schema\/logo\/image\/","url":"https:\/\/birliksendikasi.org\/wp-content\/uploads\/2020\/12\/birlik_logo_large.png","contentUrl":"https:\/\/birliksendikasi.org\/wp-content\/uploads\/2020\/12\/birlik_logo_large.png","width":2032,"height":2212,"caption":"Birlik Sendikas\u0131"},"image":{"@id":"https:\/\/birliksendikasi.org\/#\/schema\/logo\/image\/"},"sameAs":["https:\/\/www.facebook.com\/BirlikSendikasi","https:\/\/x.com\/birliksendikasi","https:\/\/www.instagram.com\/birliksendikasi\/","https:\/\/www.youtube.com\/channel\/UCLZYFA0siLyRzLKNR75Pp_g"]}]}},"_links":{"self":[{"href":"https:\/\/birliksendikasi.org\/index.php\/wp-json\/wp\/v2\/pages\/294","targetHints":{"allow":["GET"]}}],"collection":[{"href":"https:\/\/birliksendikasi.org\/index.php\/wp-json\/wp\/v2\/pages"}],"about":[{"href":"https:\/\/birliksendikasi.org\/index.php\/wp-json\/wp\/v2\/types\/page"}],"author":[{"embeddable":true,"href":"https:\/\/birliksendikasi.org\/index.php\/wp-json\/wp\/v2\/users\/6"}],"replies":[{"embeddable":true,"href":"https:\/\/birliksendikasi.org\/index.php\/wp-json\/wp\/v2\/comments?post=294"}],"version-history":[{"count":19,"href":"https:\/\/birliksendikasi.org\/index.php\/wp-json\/wp\/v2\/pages\/294\/revisions"}],"predecessor-version":[{"id":2389,"href":"https:\/\/birliksendikasi.org\/index.php\/wp-json\/wp\/v2\/pages\/294\/revisions\/2389"}],"wp:attachment":[{"href":"https:\/\/birliksendikasi.org\/index.php\/wp-json\/wp\/v2\/media?parent=294"}],"curies":[{"name":"wp","href":"https:\/\/api.w.org\/{rel}","templated":true}]}}