{"id":297,"date":"2020-10-04T11:30:17","date_gmt":"2020-10-04T08:30:17","guid":{"rendered":"http:\/\/birliksendikasi.org\/?page_id=297"},"modified":"2020-12-06T10:41:24","modified_gmt":"2020-12-06T07:41:24","slug":"ilkelerimiz","status":"publish","type":"page","link":"https:\/\/birliksendikasi.org\/index.php\/ilkelerimiz","title":{"rendered":"\u0130lkelerimiz"},"content":{"rendered":"\t\t<div data-elementor-type=\"wp-page\" data-elementor-id=\"297\" class=\"elementor elementor-297\" data-elementor-post-type=\"page\">\n\t\t\t\t\t\t<section class=\"elementor-section elementor-top-section elementor-element elementor-element-74f6ca91 elementor-section-boxed elementor-section-height-default elementor-section-height-default\" data-id=\"74f6ca91\" data-element_type=\"section\">\n\t\t\t\t\t\t<div class=\"elementor-container elementor-column-gap-default\">\n\t\t\t\t\t<div class=\"elementor-column elementor-col-100 elementor-top-column elementor-element elementor-element-17f6e265\" data-id=\"17f6e265\" data-element_type=\"column\">\n\t\t\t<div class=\"elementor-widget-wrap elementor-element-populated\">\n\t\t\t\t\t\t<div class=\"elementor-element elementor-element-766ec95e elementor-widget elementor-widget-text-editor\" data-id=\"766ec95e\" data-element_type=\"widget\" data-widget_type=\"text-editor.default\">\n\t\t\t\t<div class=\"elementor-widget-container\">\n\t\t\t\t\t\t\t\t\t<p><em><strong>T\u00fcm \u0130\u015f\u00e7ilerin Birlik M\u00fccadele ve Dayan\u0131\u015fma Sendikas\u0131, s\u0131n\u0131f sendikac\u0131l\u0131\u011f\u0131n\u0131 esas alan, i\u015f\u00e7i s\u0131n\u0131f\u0131n\u0131n sermaye s\u0131n\u0131f\u0131na kar\u015f\u0131 m\u00fccadelesinde i\u015f\u00e7i s\u0131n\u0131f\u0131n\u0131n birli\u011fini ve dayan\u0131\u015fmay\u0131 temel alan sendikal anlay\u0131\u015fa sahiptir.<\/strong><\/em><\/p><p>Bu anlay\u0131\u015f do\u011frultusunda s\u00f6m\u00fcr\u00fcn\u00fcn her t\u00fcr\u00fcne kar\u015f\u0131 m\u00fccadele etmeyi, \u00fcyelerle ve dayan\u0131\u015fma i\u00e7erisinde bulundu\u011fu di\u011fer i\u015f\u00e7ilerle birlikte m\u00fccadele etmeyi hedefleyerek,<\/p><ol><li>\u0130\u015f\u00e7i s\u0131n\u0131f\u0131n\u0131n ekonomik, sosyal haklar\u0131n\u0131n ve \u00e7al\u0131\u015fma ko\u015fullar\u0131n\u0131n iyile\u015ftirilmesini,<\/li><li>\u0130\u015f\u00e7i s\u0131n\u0131f\u0131n\u0131n m\u00fccadelesinde dayan\u0131\u015fma ve birli\u011fin tesis edilmesini,<\/li><li>\u0130\u015f\u00e7i s\u0131n\u0131f\u0131n\u0131n sermaye s\u0131n\u0131f\u0131na kar\u015f\u0131 m\u00fccadelesinde emek cephesini g\u00fc\u00e7lendirecek \u00e7al\u0131\u015fmalar yap\u0131lmas\u0131n\u0131 ve \u00e7al\u0131\u015fma yapanlar\u0131n desteklenmesini<\/li><li>Dil, \u0131rk, renk, cinsiyet, siyasal d\u00fc\u015f\u00fcnce, inan\u00e7, din, mezhep ayr\u0131m\u0131 ve her t\u00fcrden ayr\u0131mc\u0131l\u0131\u011fa kar\u015f\u0131 m\u00fccadele edilmesini,<\/li><li>\u00dclkemizde ve d\u00fcnyada i\u015fsizlik, yoksulluk ve g\u00fcvencesizli\u011fe kar\u015f\u0131 m\u00fccadele ve dayan\u0131\u015fma g\u00f6sterilmesini<\/li><li>Sosyal g\u00fcvenlik sisteminin iyile\u015ftirilmesini<\/li><li>Do\u011fan\u0131n ve \u00e7evrenin korunmas\u0131 i\u00e7in \u00e7al\u0131\u015fmalar yap\u0131lmas\u0131n\u0131, kapitalizmin bu alanda yaratt\u0131\u011f\u0131 tahribata kar\u015f\u0131 m\u00fccadele verilmesini ve do\u011fa ve \u00e7evrenin korunmas\u0131 i\u00e7in bilin\u00e7 olu\u015fturulmas\u0131n\u0131,<\/li><li>Uluslararas\u0131 sendika ve konfederasyonlarla sendikal hak ve \u00f6zg\u00fcrl\u00fckler ve i\u015f\u00e7ilerin ekonomik ve sosyal haklar\u0131n\u0131n geli\u015ftirilmesi, birlik, dayan\u0131\u015fma ve yard\u0131mla\u015fma i\u00e7in ortak \u00e7al\u0131\u015fmalar yap\u0131lmas\u0131n\u0131 temel ama\u00e7 ve ilke sayar.<\/li><\/ol><div id=\"highlighter--hover-tools\" style=\"display: none;\"><div id=\"highlighter--hover-tools--container\"><div class=\"highlighter--icon highlighter--icon-copy\" title=\"Copy\">\u00a0<\/div><div class=\"highlighter--separator\">\u00a0<\/div><div class=\"highlighter--icon highlighter--icon-delete\" title=\"Delete\">\u00a0<\/div><\/div><\/div>\t\t\t\t\t\t\t\t<\/div>\n\t\t\t\t<\/div>\n\t\t\t\t\t<\/div>\n\t\t<\/div>\n\t\t\t\t\t<\/div>\n\t\t<\/section>\n\t\t\t\t<\/div>\n\t\t","protected":false},"excerpt":{"rendered":"<p>T\u00fcm \u0130\u015f\u00e7ilerin Birlik M\u00fccadele ve Dayan\u0131\u015fma Sendikas\u0131, s\u0131n\u0131f sendikac\u0131l\u0131\u011f\u0131n\u0131 esas alan, i\u015f\u00e7i s\u0131n\u0131f\u0131n\u0131n sermaye s\u0131n\u0131f\u0131na kar\u015f\u0131 m\u00fccadelesinde i\u015f\u00e7i s\u0131n\u0131f\u0131n\u0131n birli\u011fini<\/p>\n","protected":false},"author":6,"featured_media":0,"parent":0,"menu_order":0,"comment_status":"closed","ping_status":"closed","template":"elementor_canvas","meta":{"colormag_page_container_layout":"default_layout","colormag_page_sidebar_layout":"default_layout","footnotes":""},"class_list":["post-297","page","type-page","status-publish","hentry"],"yoast_head":"<!-- This site is optimized with the Yoast SEO plugin v26.7 - https:\/\/yoast.com\/wordpress\/plugins\/seo\/ -->\n<title>\u0130lkelerimiz | Birlik Sendikas\u0131<\/title>\n<meta name=\"robots\" content=\"index, follow, max-snippet:-1, max-image-preview:large, max-video-preview:-1\" \/>\n<link rel=\"canonical\" href=\"https:\/\/birliksendikasi.org\/index.php\/ilkelerimiz\" \/>\n<meta property=\"og:locale\" content=\"tr_TR\" \/>\n<meta property=\"og:type\" content=\"article\" \/>\n<meta property=\"og:title\" content=\"\u0130lkelerimiz | Birlik Sendikas\u0131\" \/>\n<meta property=\"og:description\" content=\"T\u00fcm \u0130\u015f\u00e7ilerin Birlik M\u00fccadele ve Dayan\u0131\u015fma Sendikas\u0131, s\u0131n\u0131f sendikac\u0131l\u0131\u011f\u0131n\u0131 esas alan, i\u015f\u00e7i s\u0131n\u0131f\u0131n\u0131n sermaye s\u0131n\u0131f\u0131na kar\u015f\u0131 m\u00fccadelesinde i\u015f\u00e7i s\u0131n\u0131f\u0131n\u0131n birli\u011fini\" \/>\n<meta property=\"og:url\" content=\"https:\/\/birliksendikasi.org\/index.php\/ilkelerimiz\" \/>\n<meta property=\"og:site_name\" content=\"Birlik Sendikas\u0131\" \/>\n<meta property=\"article:publisher\" content=\"https:\/\/www.facebook.com\/BirlikSendikasi\" \/>\n<meta property=\"article:modified_time\" content=\"2020-12-06T07:41:24+00:00\" \/>\n<meta name=\"twitter:card\" content=\"summary_large_image\" \/>\n<meta name=\"twitter:site\" content=\"@birliksendikasi\" \/>\n<meta name=\"twitter:label1\" content=\"Tahmini okuma s\u00fcresi\" \/>\n\t<meta name=\"twitter:data1\" content=\"1 dakika\" \/>\n<script type=\"application\/ld+json\" class=\"yoast-schema-graph\">{\"@context\":\"https:\/\/schema.org\",\"@graph\":[{\"@type\":\"WebPage\",\"@id\":\"https:\/\/birliksendikasi.org\/index.php\/ilkelerimiz\",\"url\":\"https:\/\/birliksendikasi.org\/index.php\/ilkelerimiz\",\"name\":\"\u0130lkelerimiz | Birlik Sendikas\u0131\",\"isPartOf\":{\"@id\":\"https:\/\/birliksendikasi.org\/#website\"},\"datePublished\":\"2020-10-04T08:30:17+00:00\",\"dateModified\":\"2020-12-06T07:41:24+00:00\",\"breadcrumb\":{\"@id\":\"https:\/\/birliksendikasi.org\/index.php\/ilkelerimiz#breadcrumb\"},\"inLanguage\":\"tr\",\"potentialAction\":[{\"@type\":\"ReadAction\",\"target\":[\"https:\/\/birliksendikasi.org\/index.php\/ilkelerimiz\"]}]},{\"@type\":\"BreadcrumbList\",\"@id\":\"https:\/\/birliksendikasi.org\/index.php\/ilkelerimiz#breadcrumb\",\"itemListElement\":[{\"@type\":\"ListItem\",\"position\":1,\"name\":\"Ana sayfa\",\"item\":\"https:\/\/birliksendikasi.org\/\"},{\"@type\":\"ListItem\",\"position\":2,\"name\":\"\u0130lkelerimiz\"}]},{\"@type\":\"WebSite\",\"@id\":\"https:\/\/birliksendikasi.org\/#website\",\"url\":\"https:\/\/birliksendikasi.org\/\",\"name\":\"Birlik Sendikas\u0131\",\"description\":\"G\u00fcc\u00fcm\u00fcz Birli\u011fimizdir\",\"publisher\":{\"@id\":\"https:\/\/birliksendikasi.org\/#organization\"},\"potentialAction\":[{\"@type\":\"SearchAction\",\"target\":{\"@type\":\"EntryPoint\",\"urlTemplate\":\"https:\/\/birliksendikasi.org\/?s={search_term_string}\"},\"query-input\":{\"@type\":\"PropertyValueSpecification\",\"valueRequired\":true,\"valueName\":\"search_term_string\"}}],\"inLanguage\":\"tr\"},{\"@type\":\"Organization\",\"@id\":\"https:\/\/birliksendikasi.org\/#organization\",\"name\":\"Birlik Sendikas\u0131\",\"url\":\"https:\/\/birliksendikasi.org\/\",\"logo\":{\"@type\":\"ImageObject\",\"inLanguage\":\"tr\",\"@id\":\"https:\/\/birliksendikasi.org\/#\/schema\/logo\/image\/\",\"url\":\"https:\/\/birliksendikasi.org\/wp-content\/uploads\/2020\/12\/birlik_logo_large.png\",\"contentUrl\":\"https:\/\/birliksendikasi.org\/wp-content\/uploads\/2020\/12\/birlik_logo_large.png\",\"width\":2032,\"height\":2212,\"caption\":\"Birlik Sendikas\u0131\"},\"image\":{\"@id\":\"https:\/\/birliksendikasi.org\/#\/schema\/logo\/image\/\"},\"sameAs\":[\"https:\/\/www.facebook.com\/BirlikSendikasi\",\"https:\/\/x.com\/birliksendikasi\",\"https:\/\/www.instagram.com\/birliksendikasi\/\",\"https:\/\/www.youtube.com\/channel\/UCLZYFA0siLyRzLKNR75Pp_g\"]}]}<\/script>\n<!-- \/ Yoast SEO plugin. -->","yoast_head_json":{"title":"\u0130lkelerimiz | Birlik Sendikas\u0131","robots":{"index":"index","follow":"follow","max-snippet":"max-snippet:-1","max-image-preview":"max-image-preview:large","max-video-preview":"max-video-preview:-1"},"canonical":"https:\/\/birliksendikasi.org\/index.php\/ilkelerimiz","og_locale":"tr_TR","og_type":"article","og_title":"\u0130lkelerimiz | Birlik Sendikas\u0131","og_description":"T\u00fcm \u0130\u015f\u00e7ilerin Birlik M\u00fccadele ve Dayan\u0131\u015fma Sendikas\u0131, s\u0131n\u0131f sendikac\u0131l\u0131\u011f\u0131n\u0131 esas alan, i\u015f\u00e7i s\u0131n\u0131f\u0131n\u0131n sermaye s\u0131n\u0131f\u0131na kar\u015f\u0131 m\u00fccadelesinde i\u015f\u00e7i s\u0131n\u0131f\u0131n\u0131n birli\u011fini","og_url":"https:\/\/birliksendikasi.org\/index.php\/ilkelerimiz","og_site_name":"Birlik Sendikas\u0131","article_publisher":"https:\/\/www.facebook.com\/BirlikSendikasi","article_modified_time":"2020-12-06T07:41:24+00:00","twitter_card":"summary_large_image","twitter_site":"@birliksendikasi","twitter_misc":{"Tahmini okuma s\u00fcresi":"1 dakika"},"schema":{"@context":"https:\/\/schema.org","@graph":[{"@type":"WebPage","@id":"https:\/\/birliksendikasi.org\/index.php\/ilkelerimiz","url":"https:\/\/birliksendikasi.org\/index.php\/ilkelerimiz","name":"\u0130lkelerimiz | Birlik Sendikas\u0131","isPartOf":{"@id":"https:\/\/birliksendikasi.org\/#website"},"datePublished":"2020-10-04T08:30:17+00:00","dateModified":"2020-12-06T07:41:24+00:00","breadcrumb":{"@id":"https:\/\/birliksendikasi.org\/index.php\/ilkelerimiz#breadcrumb"},"inLanguage":"tr","potentialAction":[{"@type":"ReadAction","target":["https:\/\/birliksendikasi.org\/index.php\/ilkelerimiz"]}]},{"@type":"BreadcrumbList","@id":"https:\/\/birliksendikasi.org\/index.php\/ilkelerimiz#breadcrumb","itemListElement":[{"@type":"ListItem","position":1,"name":"Ana sayfa","item":"https:\/\/birliksendikasi.org\/"},{"@type":"ListItem","position":2,"name":"\u0130lkelerimiz"}]},{"@type":"WebSite","@id":"https:\/\/birliksendikasi.org\/#website","url":"https:\/\/birliksendikasi.org\/","name":"Birlik Sendikas\u0131","description":"G\u00fcc\u00fcm\u00fcz Birli\u011fimizdir","publisher":{"@id":"https:\/\/birliksendikasi.org\/#organization"},"potentialAction":[{"@type":"SearchAction","target":{"@type":"EntryPoint","urlTemplate":"https:\/\/birliksendikasi.org\/?s={search_term_string}"},"query-input":{"@type":"PropertyValueSpecification","valueRequired":true,"valueName":"search_term_string"}}],"inLanguage":"tr"},{"@type":"Organization","@id":"https:\/\/birliksendikasi.org\/#organization","name":"Birlik Sendikas\u0131","url":"https:\/\/birliksendikasi.org\/","logo":{"@type":"ImageObject","inLanguage":"tr","@id":"https:\/\/birliksendikasi.org\/#\/schema\/logo\/image\/","url":"https:\/\/birliksendikasi.org\/wp-content\/uploads\/2020\/12\/birlik_logo_large.png","contentUrl":"https:\/\/birliksendikasi.org\/wp-content\/uploads\/2020\/12\/birlik_logo_large.png","width":2032,"height":2212,"caption":"Birlik Sendikas\u0131"},"image":{"@id":"https:\/\/birliksendikasi.org\/#\/schema\/logo\/image\/"},"sameAs":["https:\/\/www.facebook.com\/BirlikSendikasi","https:\/\/x.com\/birliksendikasi","https:\/\/www.instagram.com\/birliksendikasi\/","https:\/\/www.youtube.com\/channel\/UCLZYFA0siLyRzLKNR75Pp_g"]}]}},"_links":{"self":[{"href":"https:\/\/birliksendikasi.org\/index.php\/wp-json\/wp\/v2\/pages\/297","targetHints":{"allow":["GET"]}}],"collection":[{"href":"https:\/\/birliksendikasi.org\/index.php\/wp-json\/wp\/v2\/pages"}],"about":[{"href":"https:\/\/birliksendikasi.org\/index.php\/wp-json\/wp\/v2\/types\/page"}],"author":[{"embeddable":true,"href":"https:\/\/birliksendikasi.org\/index.php\/wp-json\/wp\/v2\/users\/6"}],"replies":[{"embeddable":true,"href":"https:\/\/birliksendikasi.org\/index.php\/wp-json\/wp\/v2\/comments?post=297"}],"version-history":[{"count":10,"href":"https:\/\/birliksendikasi.org\/index.php\/wp-json\/wp\/v2\/pages\/297\/revisions"}],"predecessor-version":[{"id":2390,"href":"https:\/\/birliksendikasi.org\/index.php\/wp-json\/wp\/v2\/pages\/297\/revisions\/2390"}],"wp:attachment":[{"href":"https:\/\/birliksendikasi.org\/index.php\/wp-json\/wp\/v2\/media?parent=297"}],"curies":[{"name":"wp","href":"https:\/\/api.w.org\/{rel}","templated":true}]}}