{"id":3630,"date":"2025-01-21T09:30:15","date_gmt":"2025-01-21T06:30:15","guid":{"rendered":"https:\/\/birliksendikasi.org\/?page_id=3630"},"modified":"2025-01-21T09:36:03","modified_gmt":"2025-01-21T06:36:03","slug":"tum-iscilerin-birlik-mucadele-ve-dayanisma-sendikasi-birlik-sendikasi-delege-secimi-duyurusu","status":"publish","type":"page","link":"https:\/\/birliksendikasi.org\/index.php\/tum-iscilerin-birlik-mucadele-ve-dayanisma-sendikasi-birlik-sendikasi-delege-secimi-duyurusu","title":{"rendered":"T\u00dcM \u0130\u015e\u00c7\u0130LER\u0130N B\u0130RL\u0130K M\u00dcCADELE VE DAYANI\u015eMA SEND\u0130KASI (B\u0130RL\u0130K SEND\u0130KASI) DELEGE SE\u00c7\u0130M\u0130 DUYURUSU"},"content":{"rendered":"\t\t<div data-elementor-type=\"wp-page\" data-elementor-id=\"3630\" class=\"elementor elementor-3630\" data-elementor-post-type=\"page\">\n\t\t\t\t\t\t<section class=\"elementor-section elementor-top-section elementor-element elementor-element-474c1de7 elementor-section-boxed elementor-section-height-default elementor-section-height-default\" data-id=\"474c1de7\" data-element_type=\"section\">\n\t\t\t\t\t\t<div class=\"elementor-container elementor-column-gap-default\">\n\t\t\t\t\t<div class=\"elementor-column elementor-col-100 elementor-top-column elementor-element elementor-element-6d70f7c3\" data-id=\"6d70f7c3\" data-element_type=\"column\">\n\t\t\t<div class=\"elementor-widget-wrap elementor-element-populated\">\n\t\t\t\t\t\t<div class=\"elementor-element elementor-element-ef71e18 elementor-widget elementor-widget-image\" data-id=\"ef71e18\" data-element_type=\"widget\" data-widget_type=\"image.default\">\n\t\t\t\t<div class=\"elementor-widget-container\">\n\t\t\t\t\t\t\t\t\t\t\t\t\t\t\t<img fetchpriority=\"high\" decoding=\"async\" width=\"800\" height=\"364\" src=\"https:\/\/birliksendikasi.org\/wp-content\/uploads\/2021\/01\/kartvizit-gorseli-1024x466.png\" class=\"attachment-large size-large wp-image-1943\" alt=\"\" srcset=\"https:\/\/birliksendikasi.org\/wp-content\/uploads\/2021\/01\/kartvizit-gorseli-1024x466.png 1024w, https:\/\/birliksendikasi.org\/wp-content\/uploads\/2021\/01\/kartvizit-gorseli-300x136.png 300w, https:\/\/birliksendikasi.org\/wp-content\/uploads\/2021\/01\/kartvizit-gorseli-768x349.png 768w, https:\/\/birliksendikasi.org\/wp-content\/uploads\/2021\/01\/kartvizit-gorseli-1536x698.png 1536w, https:\/\/birliksendikasi.org\/wp-content\/uploads\/2021\/01\/kartvizit-gorseli.png 1751w\" sizes=\"(max-width: 800px) 100vw, 800px\" \/>\t\t\t\t\t\t\t\t\t\t\t\t\t\t\t<\/div>\n\t\t\t\t<\/div>\n\t\t\t\t<div class=\"elementor-element elementor-element-137d6c1 elementor-widget elementor-widget-heading\" data-id=\"137d6c1\" data-element_type=\"widget\" data-widget_type=\"heading.default\">\n\t\t\t\t<div class=\"elementor-widget-container\">\n\t\t\t\t\t<h2 class=\"elementor-heading-title elementor-size-default\">T\u00dcM \u0130\u015e\u00c7\u0130LER\u0130N B\u0130RL\u0130K M\u00dcCADELE VE DAYANI\u015eMA SEND\u0130KASI (B\u0130RL\u0130K SEND\u0130KASI) DELEGE SE\u00c7\u0130M\u0130 DUYURUSU <\/h2>\t\t\t\t<\/div>\n\t\t\t\t<\/div>\n\t\t\t\t<div class=\"elementor-element elementor-element-104fa36e elementor-widget elementor-widget-text-editor\" data-id=\"104fa36e\" data-element_type=\"widget\" data-widget_type=\"text-editor.default\">\n\t\t\t\t<div class=\"elementor-widget-container\">\n\t\t\t\t\t\t\t\t\t<p>Genel Merkezimizin 2\u2019inci Ola\u011fan Genel Kurulu, Sendikalar ve Toplu \u0130\u015f S\u00f6zle\u015fmesi Kanunu ve Ana T\u00fcz\u00fc\u011f\u00fcm\u00fcz uyar\u0131nca 150 delege yap\u0131lacakt\u0131r.<\/p><p>Genel Kuruluna kat\u0131lmak \u00fczere \u00fcyelerimiz aras\u0131ndan delege se\u00e7ilecektir.<\/p><p>Delege se\u00e7imi, 08\/02\/2025 tarihinde \u0130stanbul\u2019da ve \u0130zmir\u2019de, 09\/02\/2025 tarihinde Ankara\u2019da yap\u0131lacakt\u0131r.<\/p><p>\u00dcyelerimizi g\u00f6steren isim listeleri i\u015fbu duyuruyla birlikte Genel Merkez ilan tahtas\u0131na as\u0131lm\u0131\u015f olup, delege se\u00e7imleri sonu\u00e7lan\u0131ncaya kadar ask\u0131da kalacakt\u0131r.<\/p><p>\u0130lan s\u00fcresi i\u00e7inde \u00fcyelerimiz, Merkez Y\u00f6netim Kurulu\u2019na ba\u015fvurarak listelere itiraz edebilirler. Delegeli\u011fe aday olmak isteyenler 07\/02\/2025 g\u00fcn\u00fc \u00e7al\u0131\u015fma saati sonuna kadar Merkez Y\u00f6netim Kurulu\u2019na ba\u015fvurarak adayl\u0131k formlar\u0131n\u0131 doldurarak aday olabilirler.<\/p><p>Delege se\u00e7iminde oylar, delege adaylar\u0131n\u0131n g\u00f6sterildi\u011fi oy pusulalar\u0131nda tercih edilen adaylar\u0131n isimlerinin i\u015faretlenmesi suretiyle kullan\u0131lacakt\u0131r. Se\u00e7ilecek delege say\u0131s\u0131ndan fazla aday\u0131n i\u015faretlendi\u011fi oy pusulalar\u0131 ge\u00e7ersizdir.<\/p><p>\u00dcyelerimizin bilgilerine sayg\u0131lar\u0131m\u0131z ile sunar\u0131z.<\/p><p><strong>MERKEZ\u00a0Y\u00d6NET\u0130M\u00a0KURULU<\/strong><\/p>\t\t\t\t\t\t\t\t<\/div>\n\t\t\t\t<\/div>\n\t\t\t\t\t<\/div>\n\t\t<\/div>\n\t\t\t\t\t<\/div>\n\t\t<\/section>\n\t\t\t\t<\/div>\n\t\t","protected":false},"excerpt":{"rendered":"<p>T\u00dcM \u0130\u015e\u00c7\u0130LER\u0130N B\u0130RL\u0130K M\u00dcCADELE VE DAYANI\u015eMA SEND\u0130KASI (B\u0130RL\u0130K SEND\u0130KASI) DELEGE SE\u00c7\u0130M\u0130 DUYURUSU Genel Merkezimizin 2\u2019inci Ola\u011fan Genel Kurulu, Sendikalar ve<\/p>\n","protected":false},"author":6,"featured_media":0,"parent":0,"menu_order":0,"comment_status":"closed","ping_status":"closed","template":"elementor_canvas","meta":{"colormag_page_container_layout":"default_layout","colormag_page_sidebar_layout":"default_layout","footnotes":""},"class_list":["post-3630","page","type-page","status-publish","hentry"],"yoast_head":"<!-- This site is optimized with the Yoast SEO plugin v26.7 - https:\/\/yoast.com\/wordpress\/plugins\/seo\/ -->\n<title>T\u00dcM \u0130\u015e\u00c7\u0130LER\u0130N B\u0130RL\u0130K M\u00dcCADELE VE DAYANI\u015eMA SEND\u0130KASI (B\u0130RL\u0130K SEND\u0130KASI) DELEGE SE\u00c7\u0130M\u0130 DUYURUSU | Birlik Sendikas\u0131<\/title>\n<meta name=\"robots\" content=\"index, follow, max-snippet:-1, max-image-preview:large, max-video-preview:-1\" \/>\n<link rel=\"canonical\" href=\"https:\/\/birliksendikasi.org\/index.php\/tum-iscilerin-birlik-mucadele-ve-dayanisma-sendikasi-birlik-sendikasi-delege-secimi-duyurusu\" \/>\n<meta property=\"og:locale\" content=\"tr_TR\" \/>\n<meta property=\"og:type\" content=\"article\" \/>\n<meta property=\"og:title\" content=\"T\u00dcM \u0130\u015e\u00c7\u0130LER\u0130N B\u0130RL\u0130K M\u00dcCADELE VE DAYANI\u015eMA SEND\u0130KASI (B\u0130RL\u0130K SEND\u0130KASI) DELEGE SE\u00c7\u0130M\u0130 DUYURUSU | Birlik Sendikas\u0131\" \/>\n<meta property=\"og:description\" content=\"T\u00dcM \u0130\u015e\u00c7\u0130LER\u0130N B\u0130RL\u0130K M\u00dcCADELE VE DAYANI\u015eMA SEND\u0130KASI (B\u0130RL\u0130K SEND\u0130KASI) DELEGE SE\u00c7\u0130M\u0130 DUYURUSU Genel Merkezimizin 2\u2019inci Ola\u011fan Genel Kurulu, Sendikalar ve\" \/>\n<meta property=\"og:url\" content=\"https:\/\/birliksendikasi.org\/index.php\/tum-iscilerin-birlik-mucadele-ve-dayanisma-sendikasi-birlik-sendikasi-delege-secimi-duyurusu\" \/>\n<meta property=\"og:site_name\" content=\"Birlik Sendikas\u0131\" \/>\n<meta property=\"article:publisher\" content=\"https:\/\/www.facebook.com\/BirlikSendikasi\" \/>\n<meta property=\"article:modified_time\" content=\"2025-01-21T06:36:03+00:00\" \/>\n<meta property=\"og:image\" content=\"https:\/\/birliksendikasi.org\/wp-content\/uploads\/2021\/01\/kartvizit-gorseli-1024x466.png\" \/>\n<meta name=\"twitter:card\" content=\"summary_large_image\" \/>\n<meta name=\"twitter:site\" content=\"@birliksendikasi\" \/>\n<meta name=\"twitter:label1\" content=\"Tahmini okuma s\u00fcresi\" \/>\n\t<meta name=\"twitter:data1\" content=\"1 dakika\" \/>\n<script type=\"application\/ld+json\" class=\"yoast-schema-graph\">{\"@context\":\"https:\/\/schema.org\",\"@graph\":[{\"@type\":\"WebPage\",\"@id\":\"https:\/\/birliksendikasi.org\/index.php\/tum-iscilerin-birlik-mucadele-ve-dayanisma-sendikasi-birlik-sendikasi-delege-secimi-duyurusu\",\"url\":\"https:\/\/birliksendikasi.org\/index.php\/tum-iscilerin-birlik-mucadele-ve-dayanisma-sendikasi-birlik-sendikasi-delege-secimi-duyurusu\",\"name\":\"T\u00dcM \u0130\u015e\u00c7\u0130LER\u0130N B\u0130RL\u0130K M\u00dcCADELE VE DAYANI\u015eMA SEND\u0130KASI (B\u0130RL\u0130K SEND\u0130KASI) DELEGE SE\u00c7\u0130M\u0130 DUYURUSU | Birlik Sendikas\u0131\",\"isPartOf\":{\"@id\":\"https:\/\/birliksendikasi.org\/#website\"},\"primaryImageOfPage\":{\"@id\":\"https:\/\/birliksendikasi.org\/index.php\/tum-iscilerin-birlik-mucadele-ve-dayanisma-sendikasi-birlik-sendikasi-delege-secimi-duyurusu#primaryimage\"},\"image\":{\"@id\":\"https:\/\/birliksendikasi.org\/index.php\/tum-iscilerin-birlik-mucadele-ve-dayanisma-sendikasi-birlik-sendikasi-delege-secimi-duyurusu#primaryimage\"},\"thumbnailUrl\":\"https:\/\/birliksendikasi.org\/wp-content\/uploads\/2021\/01\/kartvizit-gorseli-1024x466.png\",\"datePublished\":\"2025-01-21T06:30:15+00:00\",\"dateModified\":\"2025-01-21T06:36:03+00:00\",\"breadcrumb\":{\"@id\":\"https:\/\/birliksendikasi.org\/index.php\/tum-iscilerin-birlik-mucadele-ve-dayanisma-sendikasi-birlik-sendikasi-delege-secimi-duyurusu#breadcrumb\"},\"inLanguage\":\"tr\",\"potentialAction\":[{\"@type\":\"ReadAction\",\"target\":[\"https:\/\/birliksendikasi.org\/index.php\/tum-iscilerin-birlik-mucadele-ve-dayanisma-sendikasi-birlik-sendikasi-delege-secimi-duyurusu\"]}]},{\"@type\":\"ImageObject\",\"inLanguage\":\"tr\",\"@id\":\"https:\/\/birliksendikasi.org\/index.php\/tum-iscilerin-birlik-mucadele-ve-dayanisma-sendikasi-birlik-sendikasi-delege-secimi-duyurusu#primaryimage\",\"url\":\"https:\/\/birliksendikasi.org\/wp-content\/uploads\/2021\/01\/kartvizit-gorseli.png\",\"contentUrl\":\"https:\/\/birliksendikasi.org\/wp-content\/uploads\/2021\/01\/kartvizit-gorseli.png\",\"width\":1751,\"height\":796},{\"@type\":\"BreadcrumbList\",\"@id\":\"https:\/\/birliksendikasi.org\/index.php\/tum-iscilerin-birlik-mucadele-ve-dayanisma-sendikasi-birlik-sendikasi-delege-secimi-duyurusu#breadcrumb\",\"itemListElement\":[{\"@type\":\"ListItem\",\"position\":1,\"name\":\"Ana sayfa\",\"item\":\"https:\/\/birliksendikasi.org\/\"},{\"@type\":\"ListItem\",\"position\":2,\"name\":\"T\u00dcM \u0130\u015e\u00c7\u0130LER\u0130N B\u0130RL\u0130K M\u00dcCADELE VE DAYANI\u015eMA SEND\u0130KASI (B\u0130RL\u0130K SEND\u0130KASI) DELEGE SE\u00c7\u0130M\u0130 DUYURUSU\"}]},{\"@type\":\"WebSite\",\"@id\":\"https:\/\/birliksendikasi.org\/#website\",\"url\":\"https:\/\/birliksendikasi.org\/\",\"name\":\"Birlik Sendikas\u0131\",\"description\":\"G\u00fcc\u00fcm\u00fcz Birli\u011fimizdir\",\"publisher\":{\"@id\":\"https:\/\/birliksendikasi.org\/#organization\"},\"potentialAction\":[{\"@type\":\"SearchAction\",\"target\":{\"@type\":\"EntryPoint\",\"urlTemplate\":\"https:\/\/birliksendikasi.org\/?s={search_term_string}\"},\"query-input\":{\"@type\":\"PropertyValueSpecification\",\"valueRequired\":true,\"valueName\":\"search_term_string\"}}],\"inLanguage\":\"tr\"},{\"@type\":\"Organization\",\"@id\":\"https:\/\/birliksendikasi.org\/#organization\",\"name\":\"Birlik Sendikas\u0131\",\"url\":\"https:\/\/birliksendikasi.org\/\",\"logo\":{\"@type\":\"ImageObject\",\"inLanguage\":\"tr\",\"@id\":\"https:\/\/birliksendikasi.org\/#\/schema\/logo\/image\/\",\"url\":\"https:\/\/birliksendikasi.org\/wp-content\/uploads\/2020\/12\/birlik_logo_large.png\",\"contentUrl\":\"https:\/\/birliksendikasi.org\/wp-content\/uploads\/2020\/12\/birlik_logo_large.png\",\"width\":2032,\"height\":2212,\"caption\":\"Birlik Sendikas\u0131\"},\"image\":{\"@id\":\"https:\/\/birliksendikasi.org\/#\/schema\/logo\/image\/\"},\"sameAs\":[\"https:\/\/www.facebook.com\/BirlikSendikasi\",\"https:\/\/x.com\/birliksendikasi\",\"https:\/\/www.instagram.com\/birliksendikasi\/\",\"https:\/\/www.youtube.com\/channel\/UCLZYFA0siLyRzLKNR75Pp_g\"]}]}<\/script>\n<!-- \/ Yoast SEO plugin. -->","yoast_head_json":{"title":"T\u00dcM \u0130\u015e\u00c7\u0130LER\u0130N B\u0130RL\u0130K M\u00dcCADELE VE DAYANI\u015eMA SEND\u0130KASI (B\u0130RL\u0130K SEND\u0130KASI) DELEGE SE\u00c7\u0130M\u0130 DUYURUSU | Birlik Sendikas\u0131","robots":{"index":"index","follow":"follow","max-snippet":"max-snippet:-1","max-image-preview":"max-image-preview:large","max-video-preview":"max-video-preview:-1"},"canonical":"https:\/\/birliksendikasi.org\/index.php\/tum-iscilerin-birlik-mucadele-ve-dayanisma-sendikasi-birlik-sendikasi-delege-secimi-duyurusu","og_locale":"tr_TR","og_type":"article","og_title":"T\u00dcM \u0130\u015e\u00c7\u0130LER\u0130N B\u0130RL\u0130K M\u00dcCADELE VE DAYANI\u015eMA SEND\u0130KASI (B\u0130RL\u0130K SEND\u0130KASI) DELEGE SE\u00c7\u0130M\u0130 DUYURUSU | Birlik Sendikas\u0131","og_description":"T\u00dcM \u0130\u015e\u00c7\u0130LER\u0130N B\u0130RL\u0130K M\u00dcCADELE VE DAYANI\u015eMA SEND\u0130KASI (B\u0130RL\u0130K SEND\u0130KASI) DELEGE SE\u00c7\u0130M\u0130 DUYURUSU Genel Merkezimizin 2\u2019inci Ola\u011fan Genel Kurulu, Sendikalar ve","og_url":"https:\/\/birliksendikasi.org\/index.php\/tum-iscilerin-birlik-mucadele-ve-dayanisma-sendikasi-birlik-sendikasi-delege-secimi-duyurusu","og_site_name":"Birlik Sendikas\u0131","article_publisher":"https:\/\/www.facebook.com\/BirlikSendikasi","article_modified_time":"2025-01-21T06:36:03+00:00","og_image":[{"url":"https:\/\/birliksendikasi.org\/wp-content\/uploads\/2021\/01\/kartvizit-gorseli-1024x466.png","type":"","width":"","height":""}],"twitter_card":"summary_large_image","twitter_site":"@birliksendikasi","twitter_misc":{"Tahmini okuma s\u00fcresi":"1 dakika"},"schema":{"@context":"https:\/\/schema.org","@graph":[{"@type":"WebPage","@id":"https:\/\/birliksendikasi.org\/index.php\/tum-iscilerin-birlik-mucadele-ve-dayanisma-sendikasi-birlik-sendikasi-delege-secimi-duyurusu","url":"https:\/\/birliksendikasi.org\/index.php\/tum-iscilerin-birlik-mucadele-ve-dayanisma-sendikasi-birlik-sendikasi-delege-secimi-duyurusu","name":"T\u00dcM \u0130\u015e\u00c7\u0130LER\u0130N B\u0130RL\u0130K M\u00dcCADELE VE DAYANI\u015eMA SEND\u0130KASI (B\u0130RL\u0130K SEND\u0130KASI) DELEGE SE\u00c7\u0130M\u0130 DUYURUSU | Birlik Sendikas\u0131","isPartOf":{"@id":"https:\/\/birliksendikasi.org\/#website"},"primaryImageOfPage":{"@id":"https:\/\/birliksendikasi.org\/index.php\/tum-iscilerin-birlik-mucadele-ve-dayanisma-sendikasi-birlik-sendikasi-delege-secimi-duyurusu#primaryimage"},"image":{"@id":"https:\/\/birliksendikasi.org\/index.php\/tum-iscilerin-birlik-mucadele-ve-dayanisma-sendikasi-birlik-sendikasi-delege-secimi-duyurusu#primaryimage"},"thumbnailUrl":"https:\/\/birliksendikasi.org\/wp-content\/uploads\/2021\/01\/kartvizit-gorseli-1024x466.png","datePublished":"2025-01-21T06:30:15+00:00","dateModified":"2025-01-21T06:36:03+00:00","breadcrumb":{"@id":"https:\/\/birliksendikasi.org\/index.php\/tum-iscilerin-birlik-mucadele-ve-dayanisma-sendikasi-birlik-sendikasi-delege-secimi-duyurusu#breadcrumb"},"inLanguage":"tr","potentialAction":[{"@type":"ReadAction","target":["https:\/\/birliksendikasi.org\/index.php\/tum-iscilerin-birlik-mucadele-ve-dayanisma-sendikasi-birlik-sendikasi-delege-secimi-duyurusu"]}]},{"@type":"ImageObject","inLanguage":"tr","@id":"https:\/\/birliksendikasi.org\/index.php\/tum-iscilerin-birlik-mucadele-ve-dayanisma-sendikasi-birlik-sendikasi-delege-secimi-duyurusu#primaryimage","url":"https:\/\/birliksendikasi.org\/wp-content\/uploads\/2021\/01\/kartvizit-gorseli.png","contentUrl":"https:\/\/birliksendikasi.org\/wp-content\/uploads\/2021\/01\/kartvizit-gorseli.png","width":1751,"height":796},{"@type":"BreadcrumbList","@id":"https:\/\/birliksendikasi.org\/index.php\/tum-iscilerin-birlik-mucadele-ve-dayanisma-sendikasi-birlik-sendikasi-delege-secimi-duyurusu#breadcrumb","itemListElement":[{"@type":"ListItem","position":1,"name":"Ana sayfa","item":"https:\/\/birliksendikasi.org\/"},{"@type":"ListItem","position":2,"name":"T\u00dcM \u0130\u015e\u00c7\u0130LER\u0130N B\u0130RL\u0130K M\u00dcCADELE VE DAYANI\u015eMA SEND\u0130KASI (B\u0130RL\u0130K SEND\u0130KASI) DELEGE SE\u00c7\u0130M\u0130 DUYURUSU"}]},{"@type":"WebSite","@id":"https:\/\/birliksendikasi.org\/#website","url":"https:\/\/birliksendikasi.org\/","name":"Birlik Sendikas\u0131","description":"G\u00fcc\u00fcm\u00fcz Birli\u011fimizdir","publisher":{"@id":"https:\/\/birliksendikasi.org\/#organization"},"potentialAction":[{"@type":"SearchAction","target":{"@type":"EntryPoint","urlTemplate":"https:\/\/birliksendikasi.org\/?s={search_term_string}"},"query-input":{"@type":"PropertyValueSpecification","valueRequired":true,"valueName":"search_term_string"}}],"inLanguage":"tr"},{"@type":"Organization","@id":"https:\/\/birliksendikasi.org\/#organization","name":"Birlik Sendikas\u0131","url":"https:\/\/birliksendikasi.org\/","logo":{"@type":"ImageObject","inLanguage":"tr","@id":"https:\/\/birliksendikasi.org\/#\/schema\/logo\/image\/","url":"https:\/\/birliksendikasi.org\/wp-content\/uploads\/2020\/12\/birlik_logo_large.png","contentUrl":"https:\/\/birliksendikasi.org\/wp-content\/uploads\/2020\/12\/birlik_logo_large.png","width":2032,"height":2212,"caption":"Birlik Sendikas\u0131"},"image":{"@id":"https:\/\/birliksendikasi.org\/#\/schema\/logo\/image\/"},"sameAs":["https:\/\/www.facebook.com\/BirlikSendikasi","https:\/\/x.com\/birliksendikasi","https:\/\/www.instagram.com\/birliksendikasi\/","https:\/\/www.youtube.com\/channel\/UCLZYFA0siLyRzLKNR75Pp_g"]}]}},"_links":{"self":[{"href":"https:\/\/birliksendikasi.org\/index.php\/wp-json\/wp\/v2\/pages\/3630","targetHints":{"allow":["GET"]}}],"collection":[{"href":"https:\/\/birliksendikasi.org\/index.php\/wp-json\/wp\/v2\/pages"}],"about":[{"href":"https:\/\/birliksendikasi.org\/index.php\/wp-json\/wp\/v2\/types\/page"}],"author":[{"embeddable":true,"href":"https:\/\/birliksendikasi.org\/index.php\/wp-json\/wp\/v2\/users\/6"}],"replies":[{"embeddable":true,"href":"https:\/\/birliksendikasi.org\/index.php\/wp-json\/wp\/v2\/comments?post=3630"}],"version-history":[{"count":11,"href":"https:\/\/birliksendikasi.org\/index.php\/wp-json\/wp\/v2\/pages\/3630\/revisions"}],"predecessor-version":[{"id":3646,"href":"https:\/\/birliksendikasi.org\/index.php\/wp-json\/wp\/v2\/pages\/3630\/revisions\/3646"}],"wp:attachment":[{"href":"https:\/\/birliksendikasi.org\/index.php\/wp-json\/wp\/v2\/media?parent=3630"}],"curies":[{"name":"wp","href":"https:\/\/api.w.org\/{rel}","templated":true}]}}