{"id":466,"date":"2020-11-02T12:10:57","date_gmt":"2020-11-02T09:10:57","guid":{"rendered":"http:\/\/birliksendikasi.org\/?page_id=466"},"modified":"2020-12-05T00:07:20","modified_gmt":"2020-12-04T21:07:20","slug":"yayinlarimiz","status":"publish","type":"page","link":"https:\/\/birliksendikasi.org\/index.php\/yayinlarimiz","title":{"rendered":"YAYINLARIMIZ"},"content":{"rendered":"\n<p class=\"has-vivid-cyan-blue-color has-text-color has-medium-font-size\"><strong>Madame Coco <\/strong><\/p>\n\n\n\n<div class=\"wp-block-file\"><a href=\"http:\/\/birliksendikasi.org\/wp-content\/uploads\/2020\/11\/COCO-Bildiri-A5.pdf\">COCO-Bildiri-A5<\/a><a href=\"http:\/\/birliksendikasi.org\/wp-content\/uploads\/2020\/11\/COCO-Bildiri-A5.pdf\" class=\"wp-block-file__button\" download>\u0130ndir<\/a><\/div>\n\n\n\n<div class=\"wp-block-file\"><a href=\"http:\/\/birliksendikasi.org\/wp-content\/uploads\/2020\/11\/COCO-sticker-10X6-cm.pdf\">COCO-sticker-10X6-cm<\/a><a href=\"http:\/\/birliksendikasi.org\/wp-content\/uploads\/2020\/11\/COCO-sticker-10X6-cm.pdf\" class=\"wp-block-file__button\" download>\u0130ndir<\/a><\/div>\n\n\n\n<div class=\"wp-block-file\"><a href=\"http:\/\/birliksendikasi.org\/wp-content\/uploads\/2020\/11\/COCO-Afis\u0327-A4-01-scaled.jpg\">COCO-Afis\u0327-A4-01<\/a><a href=\"http:\/\/birliksendikasi.org\/wp-content\/uploads\/2020\/11\/COCO-Afis\u0327-A4-01-scaled.jpg\" class=\"wp-block-file__button\" download>\u0130ndir<\/a><\/div>\n\n\n\n<p class=\"has-vivid-cyan-blue-color has-text-color has-medium-font-size\"><strong>AVM<\/strong><\/p>\n\n\n\n<div class=\"wp-block-file\"><a href=\"http:\/\/birliksendikasi.org\/wp-content\/uploads\/2020\/11\/AVM-Bildiri-A5.pdf\">AVM-Bildiri<\/a><a href=\"http:\/\/birliksendikasi.org\/wp-content\/uploads\/2020\/11\/AVM-Bildiri-A5.pdf\" class=\"wp-block-file__button\" download>\u0130ndir<\/a><\/div>\n\n\n\n<div class=\"wp-block-file\"><a href=\"http:\/\/birliksendikasi.org\/wp-content\/uploads\/2020\/11\/AVM-Afis\u0327-A4-01-scaled.jpg\">AVM-Afis\u0327<\/a><a href=\"http:\/\/birliksendikasi.org\/wp-content\/uploads\/2020\/11\/AVM-Afis\u0327-A4-01-scaled.jpg\" class=\"wp-block-file__button\" download>\u0130ndir<\/a><\/div>\n\n\n\n<div class=\"wp-block-file\"><a href=\"http:\/\/birliksendikasi.org\/wp-content\/uploads\/2020\/11\/AVM-sticker-10X6-cm.pdf\">AVM-Etiket<\/a><a href=\"http:\/\/birliksendikasi.org\/wp-content\/uploads\/2020\/11\/AVM-sticker-10X6-cm.pdf\" class=\"wp-block-file__button\" download>\u0130ndir<\/a><\/div>\n\n\n\n<p class=\"has-vivid-cyan-blue-color has-text-color has-medium-font-size\"><strong>\u00d6zel Okullar<\/strong><\/p>\n\n\n\n<div class=\"wp-block-file\"><a href=\"http:\/\/birliksendikasi.org\/wp-content\/uploads\/2020\/11\/O\u0308zel-Okul-Bildiri-A5.pdf\">\u00d6ZEL OKUL-Bildiri<\/a><a href=\"http:\/\/birliksendikasi.org\/wp-content\/uploads\/2020\/11\/O\u0308zel-Okul-Bildiri-A5.pdf\" class=\"wp-block-file__button\" download>\u0130ndir<\/a><\/div>\n\n\n\n<div class=\"wp-block-file\"><a href=\"http:\/\/birliksendikasi.org\/wp-content\/uploads\/2020\/11\/O\u0308ZEL-OKUL-Afis\u0327-A4.jpg\">O\u0308ZEL OKUL-Afis\u0327<\/a><a href=\"http:\/\/birliksendikasi.org\/wp-content\/uploads\/2020\/11\/O\u0308ZEL-OKUL-Afis\u0327-A4.jpg\" class=\"wp-block-file__button\" download>\u0130ndir<\/a><\/div>\n\n\n\n<div class=\"wp-block-file\"><a href=\"http:\/\/birliksendikasi.org\/wp-content\/uploads\/2020\/11\/O\u0308zel-Okul-sticker-10X6-cm.pdf\">\u00d6ZEL OKUL-Etiket<\/a><a href=\"http:\/\/birliksendikasi.org\/wp-content\/uploads\/2020\/11\/O\u0308zel-Okul-sticker-10X6-cm.pdf\" class=\"wp-block-file__button\" download>\u0130ndir<\/a><\/div>\n\n\n\n<p class=\"has-vivid-cyan-blue-color has-text-color has-medium-font-size\"><strong>B\u0130RL\u0130K SEND\u0130KASI Logosu<\/strong><\/p>\n\n\n\n<div class=\"wp-block-file\"><a href=\"http:\/\/birliksendikasi.org\/wp-content\/uploads\/2020\/11\/BS_logo-scaled.jpg\">LOGO-jpg<\/a><a href=\"http:\/\/birliksendikasi.org\/wp-content\/uploads\/2020\/11\/BS_logo-scaled.jpg\" class=\"wp-block-file__button\" download>\u0130ndir<\/a><\/div>\n\n\n\n<div class=\"wp-block-file\"><a href=\"http:\/\/birliksendikasi.org\/wp-content\/uploads\/2020\/11\/BS_logo.png\">LOGO-png<\/a><a href=\"http:\/\/birliksendikasi.org\/wp-content\/uploads\/2020\/11\/BS_logo.png\" class=\"wp-block-file__button\" download>\u0130ndir<\/a><\/div>\n\n\n\n<p><\/p>\n","protected":false},"excerpt":{"rendered":"<p>Madame Coco AVM \u00d6zel Okullar B\u0130RL\u0130K SEND\u0130KASI Logosu<\/p>\n","protected":false},"author":6,"featured_media":0,"parent":0,"menu_order":0,"comment_status":"closed","ping_status":"closed","template":"elementor_canvas","meta":{"colormag_page_container_layout":"default_layout","colormag_page_sidebar_layout":"default_layout","footnotes":""},"class_list":["post-466","page","type-page","status-publish","hentry"],"yoast_head":"<!-- This site is optimized with the Yoast SEO plugin v26.7 - https:\/\/yoast.com\/wordpress\/plugins\/seo\/ -->\n<title>YAYINLARIMIZ | Birlik Sendikas\u0131<\/title>\n<meta name=\"robots\" content=\"index, follow, max-snippet:-1, max-image-preview:large, max-video-preview:-1\" \/>\n<link rel=\"canonical\" href=\"https:\/\/birliksendikasi.org\/index.php\/yayinlarimiz\" \/>\n<meta property=\"og:locale\" content=\"tr_TR\" \/>\n<meta property=\"og:type\" content=\"article\" \/>\n<meta property=\"og:title\" content=\"YAYINLARIMIZ | Birlik Sendikas\u0131\" \/>\n<meta property=\"og:description\" content=\"Madame Coco AVM \u00d6zel Okullar B\u0130RL\u0130K SEND\u0130KASI Logosu\" \/>\n<meta property=\"og:url\" content=\"https:\/\/birliksendikasi.org\/index.php\/yayinlarimiz\" \/>\n<meta property=\"og:site_name\" content=\"Birlik Sendikas\u0131\" \/>\n<meta property=\"article:publisher\" content=\"https:\/\/www.facebook.com\/BirlikSendikasi\" \/>\n<meta property=\"article:modified_time\" content=\"2020-12-04T21:07:20+00:00\" \/>\n<meta name=\"twitter:card\" content=\"summary_large_image\" \/>\n<meta name=\"twitter:site\" content=\"@birliksendikasi\" \/>\n<script type=\"application\/ld+json\" class=\"yoast-schema-graph\">{\"@context\":\"https:\/\/schema.org\",\"@graph\":[{\"@type\":\"WebPage\",\"@id\":\"https:\/\/birliksendikasi.org\/index.php\/yayinlarimiz\",\"url\":\"https:\/\/birliksendikasi.org\/index.php\/yayinlarimiz\",\"name\":\"YAYINLARIMIZ | Birlik Sendikas\u0131\",\"isPartOf\":{\"@id\":\"https:\/\/birliksendikasi.org\/#website\"},\"datePublished\":\"2020-11-02T09:10:57+00:00\",\"dateModified\":\"2020-12-04T21:07:20+00:00\",\"breadcrumb\":{\"@id\":\"https:\/\/birliksendikasi.org\/index.php\/yayinlarimiz#breadcrumb\"},\"inLanguage\":\"tr\",\"potentialAction\":[{\"@type\":\"ReadAction\",\"target\":[\"https:\/\/birliksendikasi.org\/index.php\/yayinlarimiz\"]}]},{\"@type\":\"BreadcrumbList\",\"@id\":\"https:\/\/birliksendikasi.org\/index.php\/yayinlarimiz#breadcrumb\",\"itemListElement\":[{\"@type\":\"ListItem\",\"position\":1,\"name\":\"Ana sayfa\",\"item\":\"https:\/\/birliksendikasi.org\/\"},{\"@type\":\"ListItem\",\"position\":2,\"name\":\"YAYINLARIMIZ\"}]},{\"@type\":\"WebSite\",\"@id\":\"https:\/\/birliksendikasi.org\/#website\",\"url\":\"https:\/\/birliksendikasi.org\/\",\"name\":\"Birlik Sendikas\u0131\",\"description\":\"G\u00fcc\u00fcm\u00fcz Birli\u011fimizdir\",\"publisher\":{\"@id\":\"https:\/\/birliksendikasi.org\/#organization\"},\"potentialAction\":[{\"@type\":\"SearchAction\",\"target\":{\"@type\":\"EntryPoint\",\"urlTemplate\":\"https:\/\/birliksendikasi.org\/?s={search_term_string}\"},\"query-input\":{\"@type\":\"PropertyValueSpecification\",\"valueRequired\":true,\"valueName\":\"search_term_string\"}}],\"inLanguage\":\"tr\"},{\"@type\":\"Organization\",\"@id\":\"https:\/\/birliksendikasi.org\/#organization\",\"name\":\"Birlik Sendikas\u0131\",\"url\":\"https:\/\/birliksendikasi.org\/\",\"logo\":{\"@type\":\"ImageObject\",\"inLanguage\":\"tr\",\"@id\":\"https:\/\/birliksendikasi.org\/#\/schema\/logo\/image\/\",\"url\":\"https:\/\/birliksendikasi.org\/wp-content\/uploads\/2020\/12\/birlik_logo_large.png\",\"contentUrl\":\"https:\/\/birliksendikasi.org\/wp-content\/uploads\/2020\/12\/birlik_logo_large.png\",\"width\":2032,\"height\":2212,\"caption\":\"Birlik Sendikas\u0131\"},\"image\":{\"@id\":\"https:\/\/birliksendikasi.org\/#\/schema\/logo\/image\/\"},\"sameAs\":[\"https:\/\/www.facebook.com\/BirlikSendikasi\",\"https:\/\/x.com\/birliksendikasi\",\"https:\/\/www.instagram.com\/birliksendikasi\/\",\"https:\/\/www.youtube.com\/channel\/UCLZYFA0siLyRzLKNR75Pp_g\"]}]}<\/script>\n<!-- \/ Yoast SEO plugin. -->","yoast_head_json":{"title":"YAYINLARIMIZ | Birlik Sendikas\u0131","robots":{"index":"index","follow":"follow","max-snippet":"max-snippet:-1","max-image-preview":"max-image-preview:large","max-video-preview":"max-video-preview:-1"},"canonical":"https:\/\/birliksendikasi.org\/index.php\/yayinlarimiz","og_locale":"tr_TR","og_type":"article","og_title":"YAYINLARIMIZ | Birlik Sendikas\u0131","og_description":"Madame Coco AVM \u00d6zel Okullar B\u0130RL\u0130K SEND\u0130KASI Logosu","og_url":"https:\/\/birliksendikasi.org\/index.php\/yayinlarimiz","og_site_name":"Birlik Sendikas\u0131","article_publisher":"https:\/\/www.facebook.com\/BirlikSendikasi","article_modified_time":"2020-12-04T21:07:20+00:00","twitter_card":"summary_large_image","twitter_site":"@birliksendikasi","schema":{"@context":"https:\/\/schema.org","@graph":[{"@type":"WebPage","@id":"https:\/\/birliksendikasi.org\/index.php\/yayinlarimiz","url":"https:\/\/birliksendikasi.org\/index.php\/yayinlarimiz","name":"YAYINLARIMIZ | Birlik Sendikas\u0131","isPartOf":{"@id":"https:\/\/birliksendikasi.org\/#website"},"datePublished":"2020-11-02T09:10:57+00:00","dateModified":"2020-12-04T21:07:20+00:00","breadcrumb":{"@id":"https:\/\/birliksendikasi.org\/index.php\/yayinlarimiz#breadcrumb"},"inLanguage":"tr","potentialAction":[{"@type":"ReadAction","target":["https:\/\/birliksendikasi.org\/index.php\/yayinlarimiz"]}]},{"@type":"BreadcrumbList","@id":"https:\/\/birliksendikasi.org\/index.php\/yayinlarimiz#breadcrumb","itemListElement":[{"@type":"ListItem","position":1,"name":"Ana sayfa","item":"https:\/\/birliksendikasi.org\/"},{"@type":"ListItem","position":2,"name":"YAYINLARIMIZ"}]},{"@type":"WebSite","@id":"https:\/\/birliksendikasi.org\/#website","url":"https:\/\/birliksendikasi.org\/","name":"Birlik Sendikas\u0131","description":"G\u00fcc\u00fcm\u00fcz Birli\u011fimizdir","publisher":{"@id":"https:\/\/birliksendikasi.org\/#organization"},"potentialAction":[{"@type":"SearchAction","target":{"@type":"EntryPoint","urlTemplate":"https:\/\/birliksendikasi.org\/?s={search_term_string}"},"query-input":{"@type":"PropertyValueSpecification","valueRequired":true,"valueName":"search_term_string"}}],"inLanguage":"tr"},{"@type":"Organization","@id":"https:\/\/birliksendikasi.org\/#organization","name":"Birlik Sendikas\u0131","url":"https:\/\/birliksendikasi.org\/","logo":{"@type":"ImageObject","inLanguage":"tr","@id":"https:\/\/birliksendikasi.org\/#\/schema\/logo\/image\/","url":"https:\/\/birliksendikasi.org\/wp-content\/uploads\/2020\/12\/birlik_logo_large.png","contentUrl":"https:\/\/birliksendikasi.org\/wp-content\/uploads\/2020\/12\/birlik_logo_large.png","width":2032,"height":2212,"caption":"Birlik Sendikas\u0131"},"image":{"@id":"https:\/\/birliksendikasi.org\/#\/schema\/logo\/image\/"},"sameAs":["https:\/\/www.facebook.com\/BirlikSendikasi","https:\/\/x.com\/birliksendikasi","https:\/\/www.instagram.com\/birliksendikasi\/","https:\/\/www.youtube.com\/channel\/UCLZYFA0siLyRzLKNR75Pp_g"]}]}},"_links":{"self":[{"href":"https:\/\/birliksendikasi.org\/index.php\/wp-json\/wp\/v2\/pages\/466","targetHints":{"allow":["GET"]}}],"collection":[{"href":"https:\/\/birliksendikasi.org\/index.php\/wp-json\/wp\/v2\/pages"}],"about":[{"href":"https:\/\/birliksendikasi.org\/index.php\/wp-json\/wp\/v2\/types\/page"}],"author":[{"embeddable":true,"href":"https:\/\/birliksendikasi.org\/index.php\/wp-json\/wp\/v2\/users\/6"}],"replies":[{"embeddable":true,"href":"https:\/\/birliksendikasi.org\/index.php\/wp-json\/wp\/v2\/comments?post=466"}],"version-history":[{"count":3,"href":"https:\/\/birliksendikasi.org\/index.php\/wp-json\/wp\/v2\/pages\/466\/revisions"}],"predecessor-version":[{"id":2404,"href":"https:\/\/birliksendikasi.org\/index.php\/wp-json\/wp\/v2\/pages\/466\/revisions\/2404"}],"wp:attachment":[{"href":"https:\/\/birliksendikasi.org\/index.php\/wp-json\/wp\/v2\/media?parent=466"}],"curies":[{"name":"wp","href":"https:\/\/api.w.org\/{rel}","templated":true}]}}