{"id":732,"date":"2020-12-04T23:57:59","date_gmt":"2020-12-04T20:57:59","guid":{"rendered":"http:\/\/birliksendikasi.org\/?page_id=732"},"modified":"2020-12-06T15:13:38","modified_gmt":"2020-12-06T12:13:38","slug":"hakkimizda","status":"publish","type":"page","link":"https:\/\/birliksendikasi.org\/index.php\/hakkimizda","title":{"rendered":"Hakk\u0131m\u0131zda"},"content":{"rendered":"\t\t<div data-elementor-type=\"wp-page\" data-elementor-id=\"732\" class=\"elementor elementor-732\" data-elementor-post-type=\"page\">\n\t\t\t\t\t\t<section class=\"elementor-section elementor-top-section elementor-element elementor-element-4da64e7f elementor-section-boxed elementor-section-height-default elementor-section-height-default\" data-id=\"4da64e7f\" data-element_type=\"section\" data-settings=\"{&quot;background_background&quot;:&quot;classic&quot;}\">\n\t\t\t\t\t\t<div class=\"elementor-container elementor-column-gap-default\">\n\t\t\t\t\t<div class=\"elementor-column elementor-col-100 elementor-top-column elementor-element elementor-element-15a6c010\" data-id=\"15a6c010\" data-element_type=\"column\">\n\t\t\t<div class=\"elementor-widget-wrap elementor-element-populated\">\n\t\t\t\t\t\t<section class=\"elementor-section elementor-inner-section elementor-element elementor-element-1ae7fc29 elementor-section-boxed elementor-section-height-default elementor-section-height-default\" data-id=\"1ae7fc29\" data-element_type=\"section\">\n\t\t\t\t\t\t<div class=\"elementor-container elementor-column-gap-default\">\n\t\t\t\t\t<div class=\"elementor-column elementor-col-100 elementor-inner-column elementor-element elementor-element-72019adb\" data-id=\"72019adb\" data-element_type=\"column\">\n\t\t\t<div class=\"elementor-widget-wrap elementor-element-populated\">\n\t\t\t\t\t\t<div class=\"elementor-element elementor-element-2d536db9 animated-slow elementor-invisible elementor-widget elementor-widget-heading\" data-id=\"2d536db9\" data-element_type=\"widget\" data-settings=\"{&quot;_animation&quot;:&quot;fadeIn&quot;}\" data-widget_type=\"heading.default\">\n\t\t\t\t<div class=\"elementor-widget-container\">\n\t\t\t\t\t<h3 class=\"elementor-heading-title elementor-size-default\">Hakk\u0131m\u0131zda<\/h3>\t\t\t\t<\/div>\n\t\t\t\t<\/div>\n\t\t\t\t<div class=\"elementor-element elementor-element-311d7ad2 animated-slow elementor-invisible elementor-widget elementor-widget-heading\" data-id=\"311d7ad2\" data-element_type=\"widget\" data-settings=\"{&quot;_animation&quot;:&quot;fadeIn&quot;}\" data-widget_type=\"heading.default\">\n\t\t\t\t<div class=\"elementor-widget-container\">\n\t\t\t\t\t<h1 class=\"elementor-heading-title elementor-size-default\">\u0130lgili Sayfalar<\/h1>\t\t\t\t<\/div>\n\t\t\t\t<\/div>\n\t\t\t\t\t<\/div>\n\t\t<\/div>\n\t\t\t\t\t<\/div>\n\t\t<\/section>\n\t\t\t\t<section class=\"elementor-section elementor-inner-section elementor-element elementor-element-125bbad8 elementor-section-boxed elementor-section-height-default elementor-section-height-default\" data-id=\"125bbad8\" data-element_type=\"section\">\n\t\t\t\t\t\t<div class=\"elementor-container elementor-column-gap-default\">\n\t\t\t\t\t<div class=\"elementor-column elementor-col-33 elementor-inner-column elementor-element elementor-element-88f4af6\" data-id=\"88f4af6\" data-element_type=\"column\">\n\t\t\t<div class=\"elementor-widget-wrap elementor-element-populated\">\n\t\t\t\t\t\t<div class=\"elementor-element elementor-element-68ceddbc elementor-widget elementor-widget-image\" data-id=\"68ceddbc\" data-element_type=\"widget\" data-widget_type=\"image.default\">\n\t\t\t\t<div class=\"elementor-widget-container\">\n\t\t\t\t\t\t\t\t\t\t\t\t\t\t\t<img decoding=\"async\" src=\"https:\/\/birliksendikasi.org\/wp-content\/uploads\/elementor\/thumbs\/BS_logo-oxtepmqg819pcx3gar0s0fv7sgg1ndpscvyeetk124.png\" title=\"BS_logo\" alt=\"BS_logo\" loading=\"lazy\" \/>\t\t\t\t\t\t\t\t\t\t\t\t\t\t\t<\/div>\n\t\t\t\t<\/div>\n\t\t\t\t<div class=\"elementor-element elementor-element-5397df4 elementor-widget elementor-widget-heading\" data-id=\"5397df4\" data-element_type=\"widget\" data-widget_type=\"heading.default\">\n\t\t\t\t<div class=\"elementor-widget-container\">\n\t\t\t\t\t<h6 class=\"elementor-heading-title elementor-size-default\">\u0130lkelerimiz<\/h6>\t\t\t\t<\/div>\n\t\t\t\t<\/div>\n\t\t\t\t<div class=\"elementor-element elementor-element-6ee3fd7c animated-fast elementor-align-center elementor-invisible elementor-widget elementor-widget-button\" data-id=\"6ee3fd7c\" data-element_type=\"widget\" data-settings=\"{&quot;_animation&quot;:&quot;fadeIn&quot;}\" data-widget_type=\"button.default\">\n\t\t\t\t<div class=\"elementor-widget-container\">\n\t\t\t\t\t\t\t\t\t<div class=\"elementor-button-wrapper\">\n\t\t\t\t\t<a class=\"elementor-button elementor-button-link elementor-size-sm\" href=\"https:\/\/birliksendikasi.org\/index.php\/ilkelerimiz\">\n\t\t\t\t\t\t<span class=\"elementor-button-content-wrapper\">\n\t\t\t\t\t\t\t\t\t<span class=\"elementor-button-text\">Sayfaya Git<\/span>\n\t\t\t\t\t<\/span>\n\t\t\t\t\t<\/a>\n\t\t\t\t<\/div>\n\t\t\t\t\t\t\t\t<\/div>\n\t\t\t\t<\/div>\n\t\t\t\t\t<\/div>\n\t\t<\/div>\n\t\t\t\t<div class=\"elementor-column elementor-col-33 elementor-inner-column elementor-element elementor-element-a43c332\" data-id=\"a43c332\" data-element_type=\"column\">\n\t\t\t<div class=\"elementor-widget-wrap elementor-element-populated\">\n\t\t\t\t\t\t<div class=\"elementor-element elementor-element-d40a869 elementor-widget elementor-widget-image\" data-id=\"d40a869\" data-element_type=\"widget\" data-widget_type=\"image.default\">\n\t\t\t\t<div class=\"elementor-widget-container\">\n\t\t\t\t\t\t\t\t\t\t\t\t\t\t\t<img decoding=\"async\" src=\"https:\/\/birliksendikasi.org\/wp-content\/uploads\/elementor\/thumbs\/BS_logo-oxtepmqg819pcx3gar0s0fv7sgg1ndpscvyeetk124.png\" title=\"BS_logo\" alt=\"BS_logo\" loading=\"lazy\" \/>\t\t\t\t\t\t\t\t\t\t\t\t\t\t\t<\/div>\n\t\t\t\t<\/div>\n\t\t\t\t<div class=\"elementor-element elementor-element-d49b814 elementor-widget elementor-widget-heading\" data-id=\"d49b814\" data-element_type=\"widget\" data-widget_type=\"heading.default\">\n\t\t\t\t<div class=\"elementor-widget-container\">\n\t\t\t\t\t<h6 class=\"elementor-heading-title elementor-size-default\">T\u00fcz\u00fck<\/h6>\t\t\t\t<\/div>\n\t\t\t\t<\/div>\n\t\t\t\t<div class=\"elementor-element elementor-element-1dad103 animated-fast elementor-align-center elementor-invisible elementor-widget elementor-widget-button\" data-id=\"1dad103\" data-element_type=\"widget\" data-settings=\"{&quot;_animation&quot;:&quot;fadeIn&quot;}\" data-widget_type=\"button.default\">\n\t\t\t\t<div class=\"elementor-widget-container\">\n\t\t\t\t\t\t\t\t\t<div class=\"elementor-button-wrapper\">\n\t\t\t\t\t<a class=\"elementor-button elementor-button-link elementor-size-xs\" href=\"https:\/\/birliksendikasi.org\/index.php\/tuzuk\">\n\t\t\t\t\t\t<span class=\"elementor-button-content-wrapper\">\n\t\t\t\t\t\t\t\t\t<span class=\"elementor-button-text\">Sayfaya Git<\/span>\n\t\t\t\t\t<\/span>\n\t\t\t\t\t<\/a>\n\t\t\t\t<\/div>\n\t\t\t\t\t\t\t\t<\/div>\n\t\t\t\t<\/div>\n\t\t\t\t\t<\/div>\n\t\t<\/div>\n\t\t\t\t<div class=\"elementor-column elementor-col-33 elementor-inner-column elementor-element elementor-element-c8c3335\" data-id=\"c8c3335\" data-element_type=\"column\">\n\t\t\t<div class=\"elementor-widget-wrap elementor-element-populated\">\n\t\t\t\t\t\t<div class=\"elementor-element elementor-element-427b4e2 elementor-widget elementor-widget-image\" data-id=\"427b4e2\" data-element_type=\"widget\" data-widget_type=\"image.default\">\n\t\t\t\t<div class=\"elementor-widget-container\">\n\t\t\t\t\t\t\t\t\t\t\t\t\t\t\t<img decoding=\"async\" src=\"https:\/\/birliksendikasi.org\/wp-content\/uploads\/elementor\/thumbs\/BS_logo-oxtepmqg819pcx3gar0s0fv7sgg1ndpscvyeetk124.png\" title=\"BS_logo\" alt=\"BS_logo\" loading=\"lazy\" \/>\t\t\t\t\t\t\t\t\t\t\t\t\t\t\t<\/div>\n\t\t\t\t<\/div>\n\t\t\t\t<div class=\"elementor-element elementor-element-d29a6ab elementor-widget elementor-widget-heading\" data-id=\"d29a6ab\" data-element_type=\"widget\" data-widget_type=\"heading.default\">\n\t\t\t\t<div class=\"elementor-widget-container\">\n\t\t\t\t\t<h6 class=\"elementor-heading-title elementor-size-default\">Kimler \u00dcye Olabilir?<\/h6>\t\t\t\t<\/div>\n\t\t\t\t<\/div>\n\t\t\t\t<div class=\"elementor-element elementor-element-0b36a93 animated-fast elementor-align-center elementor-invisible elementor-widget elementor-widget-button\" data-id=\"0b36a93\" data-element_type=\"widget\" data-settings=\"{&quot;_animation&quot;:&quot;fadeIn&quot;}\" data-widget_type=\"button.default\">\n\t\t\t\t<div class=\"elementor-widget-container\">\n\t\t\t\t\t\t\t\t\t<div class=\"elementor-button-wrapper\">\n\t\t\t\t\t<a class=\"elementor-button elementor-button-link elementor-size-xs\" href=\"https:\/\/birliksendikasi.org\/index.php\/kimler-uye-olabilir\">\n\t\t\t\t\t\t<span class=\"elementor-button-content-wrapper\">\n\t\t\t\t\t\t\t\t\t<span class=\"elementor-button-text\">Sayfaya Git<\/span>\n\t\t\t\t\t<\/span>\n\t\t\t\t\t<\/a>\n\t\t\t\t<\/div>\n\t\t\t\t\t\t\t\t<\/div>\n\t\t\t\t<\/div>\n\t\t\t\t\t<\/div>\n\t\t<\/div>\n\t\t\t\t\t<\/div>\n\t\t<\/section>\n\t\t\t\t\t<\/div>\n\t\t<\/div>\n\t\t\t\t\t<\/div>\n\t\t<\/section>\n\t\t\t\t<section class=\"elementor-section elementor-top-section elementor-element elementor-element-3d0097d0 elementor-section-boxed elementor-section-height-default elementor-section-height-default\" data-id=\"3d0097d0\" data-element_type=\"section\">\n\t\t\t\t\t\t<div class=\"elementor-container elementor-column-gap-default\">\n\t\t\t\t\t<div class=\"elementor-column elementor-col-100 elementor-top-column elementor-element elementor-element-1896b945\" data-id=\"1896b945\" data-element_type=\"column\">\n\t\t\t<div class=\"elementor-widget-wrap elementor-element-populated\">\n\t\t\t\t\t\t<div class=\"elementor-element elementor-element-6e888705 elementor-widget elementor-widget-text-editor\" data-id=\"6e888705\" data-element_type=\"widget\" data-widget_type=\"text-editor.default\">\n\t\t\t\t<div class=\"elementor-widget-container\">\n\t\t\t\t\t\t\t\t\t<p>\u00a0<\/p><div id=\"highlighter--hover-tools\" style=\"display: none;\"><div id=\"highlighter--hover-tools--container\"><div class=\"highlighter--icon highlighter--icon-copy\" title=\"Copy\">\u00a0<\/div><div class=\"highlighter--separator\">\u00a0<\/div><div class=\"highlighter--icon highlighter--icon-delete\" title=\"Delete\">\u00a0<\/div><\/div><\/div><div id=\"highlighter--hover-tools\" style=\"display: none;\"><div id=\"highlighter--hover-tools--container\"><div class=\"highlighter--icon highlighter--icon-copy\" title=\"Copy\">\u00a0<\/div><div class=\"highlighter--separator\">\u00a0<\/div><div class=\"highlighter--icon highlighter--icon-delete\" title=\"Delete\">\u00a0<\/div><\/div><\/div>\t\t\t\t\t\t\t\t<\/div>\n\t\t\t\t<\/div>\n\t\t\t\t\t<\/div>\n\t\t<\/div>\n\t\t\t\t\t<\/div>\n\t\t<\/section>\n\t\t\t\t<section class=\"elementor-section elementor-top-section elementor-element elementor-element-f9564cd elementor-section-content-middle elementor-section-boxed elementor-section-height-default elementor-section-height-default\" data-id=\"f9564cd\" data-element_type=\"section\" data-settings=\"{&quot;background_background&quot;:&quot;classic&quot;}\">\n\t\t\t\t\t\t\t<div class=\"elementor-background-overlay\"><\/div>\n\t\t\t\t\t\t\t<div class=\"elementor-container elementor-column-gap-wider\">\n\t\t\t\t\t<div class=\"elementor-column elementor-col-50 elementor-top-column elementor-element elementor-element-1475019\" data-id=\"1475019\" data-element_type=\"column\">\n\t\t\t<div class=\"elementor-widget-wrap elementor-element-populated\">\n\t\t\t\t\t\t<div class=\"elementor-element elementor-element-2219899 elementor-hidden-desktop elementor-hidden-tablet elementor-widget elementor-widget-image\" data-id=\"2219899\" data-element_type=\"widget\" data-widget_type=\"image.default\">\n\t\t\t\t<div class=\"elementor-widget-container\">\n\t\t\t\t\t\t\t\t\t\t\t\t\t\t\t<img fetchpriority=\"high\" decoding=\"async\" width=\"800\" height=\"450\" src=\"https:\/\/birliksendikasi.org\/wp-content\/uploads\/2020\/12\/birliksendikasikendinianlatiyor-1024x576.jpg\" class=\"attachment-large size-large wp-image-1085\" alt=\"\" srcset=\"https:\/\/birliksendikasi.org\/wp-content\/uploads\/2020\/12\/birliksendikasikendinianlatiyor-1024x576.jpg 1024w, https:\/\/birliksendikasi.org\/wp-content\/uploads\/2020\/12\/birliksendikasikendinianlatiyor-300x169.jpg 300w, https:\/\/birliksendikasi.org\/wp-content\/uploads\/2020\/12\/birliksendikasikendinianlatiyor-768x432.jpg 768w, https:\/\/birliksendikasi.org\/wp-content\/uploads\/2020\/12\/birliksendikasikendinianlatiyor-1536x864.jpg 1536w, https:\/\/birliksendikasi.org\/wp-content\/uploads\/2020\/12\/birliksendikasikendinianlatiyor.jpg 1920w\" sizes=\"(max-width: 800px) 100vw, 800px\" \/>\t\t\t\t\t\t\t\t\t\t\t\t\t\t\t<\/div>\n\t\t\t\t<\/div>\n\t\t\t\t<div class=\"elementor-element elementor-element-3f3e1c1 elementor-invisible elementor-widget elementor-widget-heading\" data-id=\"3f3e1c1\" data-element_type=\"widget\" data-settings=\"{&quot;_animation&quot;:&quot;fadeIn&quot;,&quot;_animation_delay&quot;:100}\" data-widget_type=\"heading.default\">\n\t\t\t\t<div class=\"elementor-widget-container\">\n\t\t\t\t\t<h2 class=\"elementor-heading-title elementor-size-default\">Birlik Sendikas\u0131 Kendini Anlat\u0131yor<\/h2>\t\t\t\t<\/div>\n\t\t\t\t<\/div>\n\t\t\t\t<div class=\"elementor-element elementor-element-feeae1c elementor-invisible elementor-widget elementor-widget-heading\" data-id=\"feeae1c\" data-element_type=\"widget\" data-settings=\"{&quot;_animation&quot;:&quot;fadeIn&quot;,&quot;_animation_delay&quot;:150}\" data-widget_type=\"heading.default\">\n\t\t\t\t<div class=\"elementor-widget-container\">\n\t\t\t\t\t<h6 class=\"elementor-heading-title elementor-size-default\">Birlik Sendikas\u0131\u2019n\u0131n \u00e7al\u0131\u015fma ilkeleri nelerdir? <\/br>\nNeden Birlik Sendikas\u0131 kuruldu? <\/br>\nNeden Birlik Sendikas\u0131\u2019na \u00fcye olmal\u0131y\u0131m?  <\/br>\nBirlik Sendikas\u0131\u2019na kimler \u00fcye olabilir? <\/br>\nBirlik Sendikas\u0131\u2019na nas\u0131l \u00fcye olabilirim?  <\/br>\nSendikaya \u00fcye olanlar\u0131n haklar\u0131 nelerdir?  <\/br>\nBirlik Sendikas\u0131 benim i\u00e7in ne yapabilir?  <\/br>\nSendika \u201cG\u00fcc\u00fcm\u00fcz Birli\u011fimizdir\u201d diyor. Bu ne anlama geliyor? \n\n<\/h6>\t\t\t\t<\/div>\n\t\t\t\t<\/div>\n\t\t\t\t<section class=\"elementor-section elementor-inner-section elementor-element elementor-element-bd0e34f elementor-section-boxed elementor-section-height-default elementor-section-height-default elementor-invisible\" data-id=\"bd0e34f\" data-element_type=\"section\" data-settings=\"{&quot;animation&quot;:&quot;fadeIn&quot;,&quot;animation_delay&quot;:20}\">\n\t\t\t\t\t\t<div class=\"elementor-container elementor-column-gap-no\">\n\t\t\t\t\t<div class=\"elementor-column elementor-col-100 elementor-inner-column elementor-element elementor-element-8824d99\" data-id=\"8824d99\" data-element_type=\"column\">\n\t\t\t<div class=\"elementor-widget-wrap elementor-element-populated\">\n\t\t\t\t\t\t<div class=\"elementor-element elementor-element-2eff1e3 elementor-align-left elementor-widget elementor-widget-button\" data-id=\"2eff1e3\" data-element_type=\"widget\" data-widget_type=\"button.default\">\n\t\t\t\t<div class=\"elementor-widget-container\">\n\t\t\t\t\t\t\t\t\t<div class=\"elementor-button-wrapper\">\n\t\t\t\t\t<a class=\"elementor-button elementor-button-link elementor-size-xs\" href=\"https:\/\/birliksendikasi.org\/wp-content\/uploads\/2020\/12\/BiRLiK_SENDiKA_brosur_A5.pdf\" target=\"_blank\">\n\t\t\t\t\t\t<span class=\"elementor-button-content-wrapper\">\n\t\t\t\t\t\t<span class=\"elementor-button-icon\">\n\t\t\t\t<i aria-hidden=\"true\" class=\"fas fa-long-arrow-alt-right\"><\/i>\t\t\t<\/span>\n\t\t\t\t\t\t\t\t\t<span class=\"elementor-button-text\">PDF \u0130\u00e7in T\u0131klay\u0131n<\/span>\n\t\t\t\t\t<\/span>\n\t\t\t\t\t<\/a>\n\t\t\t\t<\/div>\n\t\t\t\t\t\t\t\t<\/div>\n\t\t\t\t<\/div>\n\t\t\t\t\t<\/div>\n\t\t<\/div>\n\t\t\t\t\t<\/div>\n\t\t<\/section>\n\t\t\t\t\t<\/div>\n\t\t<\/div>\n\t\t\t\t<div class=\"elementor-column elementor-col-50 elementor-top-column elementor-element elementor-element-a076820\" data-id=\"a076820\" data-element_type=\"column\" data-settings=\"{&quot;background_background&quot;:&quot;classic&quot;}\">\n\t\t\t<div class=\"elementor-widget-wrap\">\n\t\t\t\t\t\t\t<\/div>\n\t\t<\/div>\n\t\t\t\t\t<\/div>\n\t\t<\/section>\n\t\t\t\t<\/div>\n\t\t","protected":false},"excerpt":{"rendered":"<p>Hakk\u0131m\u0131zda \u0130lgili Sayfalar \u0130lkelerimiz Sayfaya Git T\u00fcz\u00fck Sayfaya Git Kimler \u00dcye Olabilir? Sayfaya Git \u00a0 \u00a0\u00a0\u00a0\u00a0\u00a0\u00a0 Birlik Sendikas\u0131 Kendini Anlat\u0131yor<\/p>\n","protected":false},"author":1,"featured_media":0,"parent":0,"menu_order":0,"comment_status":"closed","ping_status":"closed","template":"elementor_canvas","meta":{"colormag_page_container_layout":"default_layout","colormag_page_sidebar_layout":"default_layout","footnotes":""},"class_list":["post-732","page","type-page","status-publish","hentry"],"yoast_head":"<!-- This site is optimized with the Yoast SEO plugin v26.7 - https:\/\/yoast.com\/wordpress\/plugins\/seo\/ -->\n<title>Hakk\u0131m\u0131zda | Birlik Sendikas\u0131<\/title>\n<meta name=\"robots\" content=\"index, follow, max-snippet:-1, max-image-preview:large, max-video-preview:-1\" \/>\n<link rel=\"canonical\" href=\"https:\/\/birliksendikasi.org\/index.php\/hakkimizda\" \/>\n<meta property=\"og:locale\" content=\"tr_TR\" \/>\n<meta property=\"og:type\" content=\"article\" \/>\n<meta property=\"og:title\" content=\"Hakk\u0131m\u0131zda | Birlik Sendikas\u0131\" \/>\n<meta property=\"og:description\" content=\"Hakk\u0131m\u0131zda \u0130lgili Sayfalar \u0130lkelerimiz Sayfaya Git T\u00fcz\u00fck Sayfaya Git Kimler \u00dcye Olabilir? Sayfaya Git \u00a0 \u00a0\u00a0\u00a0\u00a0\u00a0\u00a0 Birlik Sendikas\u0131 Kendini Anlat\u0131yor\" \/>\n<meta property=\"og:url\" content=\"https:\/\/birliksendikasi.org\/index.php\/hakkimizda\" \/>\n<meta property=\"og:site_name\" content=\"Birlik Sendikas\u0131\" \/>\n<meta property=\"article:publisher\" content=\"https:\/\/www.facebook.com\/BirlikSendikasi\" \/>\n<meta property=\"article:modified_time\" content=\"2020-12-06T12:13:38+00:00\" \/>\n<meta property=\"og:image\" content=\"http:\/\/birliksendikasi.org\/wp-content\/uploads\/elementor\/thumbs\/BS_logo-oxtepmqg819pcx3gar0s0fv7sgg1ndpscvyeetk124.png\" \/>\n<meta name=\"twitter:card\" content=\"summary_large_image\" \/>\n<meta name=\"twitter:site\" content=\"@birliksendikasi\" \/>\n<script type=\"application\/ld+json\" class=\"yoast-schema-graph\">{\"@context\":\"https:\/\/schema.org\",\"@graph\":[{\"@type\":\"WebPage\",\"@id\":\"https:\/\/birliksendikasi.org\/index.php\/hakkimizda\",\"url\":\"https:\/\/birliksendikasi.org\/index.php\/hakkimizda\",\"name\":\"Hakk\u0131m\u0131zda | Birlik Sendikas\u0131\",\"isPartOf\":{\"@id\":\"https:\/\/birliksendikasi.org\/#website\"},\"primaryImageOfPage\":{\"@id\":\"https:\/\/birliksendikasi.org\/index.php\/hakkimizda#primaryimage\"},\"image\":{\"@id\":\"https:\/\/birliksendikasi.org\/index.php\/hakkimizda#primaryimage\"},\"thumbnailUrl\":\"http:\/\/birliksendikasi.org\/wp-content\/uploads\/elementor\/thumbs\/BS_logo-oxtepmqg819pcx3gar0s0fv7sgg1ndpscvyeetk124.png\",\"datePublished\":\"2020-12-04T20:57:59+00:00\",\"dateModified\":\"2020-12-06T12:13:38+00:00\",\"breadcrumb\":{\"@id\":\"https:\/\/birliksendikasi.org\/index.php\/hakkimizda#breadcrumb\"},\"inLanguage\":\"tr\",\"potentialAction\":[{\"@type\":\"ReadAction\",\"target\":[\"https:\/\/birliksendikasi.org\/index.php\/hakkimizda\"]}]},{\"@type\":\"ImageObject\",\"inLanguage\":\"tr\",\"@id\":\"https:\/\/birliksendikasi.org\/index.php\/hakkimizda#primaryimage\",\"url\":\"http:\/\/birliksendikasi.org\/wp-content\/uploads\/elementor\/thumbs\/BS_logo-oxtepmqg819pcx3gar0s0fv7sgg1ndpscvyeetk124.png\",\"contentUrl\":\"http:\/\/birliksendikasi.org\/wp-content\/uploads\/elementor\/thumbs\/BS_logo-oxtepmqg819pcx3gar0s0fv7sgg1ndpscvyeetk124.png\"},{\"@type\":\"BreadcrumbList\",\"@id\":\"https:\/\/birliksendikasi.org\/index.php\/hakkimizda#breadcrumb\",\"itemListElement\":[{\"@type\":\"ListItem\",\"position\":1,\"name\":\"Ana sayfa\",\"item\":\"https:\/\/birliksendikasi.org\/\"},{\"@type\":\"ListItem\",\"position\":2,\"name\":\"Hakk\u0131m\u0131zda\"}]},{\"@type\":\"WebSite\",\"@id\":\"https:\/\/birliksendikasi.org\/#website\",\"url\":\"https:\/\/birliksendikasi.org\/\",\"name\":\"Birlik Sendikas\u0131\",\"description\":\"G\u00fcc\u00fcm\u00fcz Birli\u011fimizdir\",\"publisher\":{\"@id\":\"https:\/\/birliksendikasi.org\/#organization\"},\"potentialAction\":[{\"@type\":\"SearchAction\",\"target\":{\"@type\":\"EntryPoint\",\"urlTemplate\":\"https:\/\/birliksendikasi.org\/?s={search_term_string}\"},\"query-input\":{\"@type\":\"PropertyValueSpecification\",\"valueRequired\":true,\"valueName\":\"search_term_string\"}}],\"inLanguage\":\"tr\"},{\"@type\":\"Organization\",\"@id\":\"https:\/\/birliksendikasi.org\/#organization\",\"name\":\"Birlik Sendikas\u0131\",\"url\":\"https:\/\/birliksendikasi.org\/\",\"logo\":{\"@type\":\"ImageObject\",\"inLanguage\":\"tr\",\"@id\":\"https:\/\/birliksendikasi.org\/#\/schema\/logo\/image\/\",\"url\":\"https:\/\/birliksendikasi.org\/wp-content\/uploads\/2020\/12\/birlik_logo_large.png\",\"contentUrl\":\"https:\/\/birliksendikasi.org\/wp-content\/uploads\/2020\/12\/birlik_logo_large.png\",\"width\":2032,\"height\":2212,\"caption\":\"Birlik Sendikas\u0131\"},\"image\":{\"@id\":\"https:\/\/birliksendikasi.org\/#\/schema\/logo\/image\/\"},\"sameAs\":[\"https:\/\/www.facebook.com\/BirlikSendikasi\",\"https:\/\/x.com\/birliksendikasi\",\"https:\/\/www.instagram.com\/birliksendikasi\/\",\"https:\/\/www.youtube.com\/channel\/UCLZYFA0siLyRzLKNR75Pp_g\"]}]}<\/script>\n<!-- \/ Yoast SEO plugin. -->","yoast_head_json":{"title":"Hakk\u0131m\u0131zda | Birlik Sendikas\u0131","robots":{"index":"index","follow":"follow","max-snippet":"max-snippet:-1","max-image-preview":"max-image-preview:large","max-video-preview":"max-video-preview:-1"},"canonical":"https:\/\/birliksendikasi.org\/index.php\/hakkimizda","og_locale":"tr_TR","og_type":"article","og_title":"Hakk\u0131m\u0131zda | Birlik Sendikas\u0131","og_description":"Hakk\u0131m\u0131zda \u0130lgili Sayfalar \u0130lkelerimiz Sayfaya Git T\u00fcz\u00fck Sayfaya Git Kimler \u00dcye Olabilir? Sayfaya Git \u00a0 \u00a0\u00a0\u00a0\u00a0\u00a0\u00a0 Birlik Sendikas\u0131 Kendini Anlat\u0131yor","og_url":"https:\/\/birliksendikasi.org\/index.php\/hakkimizda","og_site_name":"Birlik Sendikas\u0131","article_publisher":"https:\/\/www.facebook.com\/BirlikSendikasi","article_modified_time":"2020-12-06T12:13:38+00:00","og_image":[{"url":"http:\/\/birliksendikasi.org\/wp-content\/uploads\/elementor\/thumbs\/BS_logo-oxtepmqg819pcx3gar0s0fv7sgg1ndpscvyeetk124.png","type":"","width":"","height":""}],"twitter_card":"summary_large_image","twitter_site":"@birliksendikasi","schema":{"@context":"https:\/\/schema.org","@graph":[{"@type":"WebPage","@id":"https:\/\/birliksendikasi.org\/index.php\/hakkimizda","url":"https:\/\/birliksendikasi.org\/index.php\/hakkimizda","name":"Hakk\u0131m\u0131zda | Birlik Sendikas\u0131","isPartOf":{"@id":"https:\/\/birliksendikasi.org\/#website"},"primaryImageOfPage":{"@id":"https:\/\/birliksendikasi.org\/index.php\/hakkimizda#primaryimage"},"image":{"@id":"https:\/\/birliksendikasi.org\/index.php\/hakkimizda#primaryimage"},"thumbnailUrl":"http:\/\/birliksendikasi.org\/wp-content\/uploads\/elementor\/thumbs\/BS_logo-oxtepmqg819pcx3gar0s0fv7sgg1ndpscvyeetk124.png","datePublished":"2020-12-04T20:57:59+00:00","dateModified":"2020-12-06T12:13:38+00:00","breadcrumb":{"@id":"https:\/\/birliksendikasi.org\/index.php\/hakkimizda#breadcrumb"},"inLanguage":"tr","potentialAction":[{"@type":"ReadAction","target":["https:\/\/birliksendikasi.org\/index.php\/hakkimizda"]}]},{"@type":"ImageObject","inLanguage":"tr","@id":"https:\/\/birliksendikasi.org\/index.php\/hakkimizda#primaryimage","url":"http:\/\/birliksendikasi.org\/wp-content\/uploads\/elementor\/thumbs\/BS_logo-oxtepmqg819pcx3gar0s0fv7sgg1ndpscvyeetk124.png","contentUrl":"http:\/\/birliksendikasi.org\/wp-content\/uploads\/elementor\/thumbs\/BS_logo-oxtepmqg819pcx3gar0s0fv7sgg1ndpscvyeetk124.png"},{"@type":"BreadcrumbList","@id":"https:\/\/birliksendikasi.org\/index.php\/hakkimizda#breadcrumb","itemListElement":[{"@type":"ListItem","position":1,"name":"Ana sayfa","item":"https:\/\/birliksendikasi.org\/"},{"@type":"ListItem","position":2,"name":"Hakk\u0131m\u0131zda"}]},{"@type":"WebSite","@id":"https:\/\/birliksendikasi.org\/#website","url":"https:\/\/birliksendikasi.org\/","name":"Birlik Sendikas\u0131","description":"G\u00fcc\u00fcm\u00fcz Birli\u011fimizdir","publisher":{"@id":"https:\/\/birliksendikasi.org\/#organization"},"potentialAction":[{"@type":"SearchAction","target":{"@type":"EntryPoint","urlTemplate":"https:\/\/birliksendikasi.org\/?s={search_term_string}"},"query-input":{"@type":"PropertyValueSpecification","valueRequired":true,"valueName":"search_term_string"}}],"inLanguage":"tr"},{"@type":"Organization","@id":"https:\/\/birliksendikasi.org\/#organization","name":"Birlik Sendikas\u0131","url":"https:\/\/birliksendikasi.org\/","logo":{"@type":"ImageObject","inLanguage":"tr","@id":"https:\/\/birliksendikasi.org\/#\/schema\/logo\/image\/","url":"https:\/\/birliksendikasi.org\/wp-content\/uploads\/2020\/12\/birlik_logo_large.png","contentUrl":"https:\/\/birliksendikasi.org\/wp-content\/uploads\/2020\/12\/birlik_logo_large.png","width":2032,"height":2212,"caption":"Birlik Sendikas\u0131"},"image":{"@id":"https:\/\/birliksendikasi.org\/#\/schema\/logo\/image\/"},"sameAs":["https:\/\/www.facebook.com\/BirlikSendikasi","https:\/\/x.com\/birliksendikasi","https:\/\/www.instagram.com\/birliksendikasi\/","https:\/\/www.youtube.com\/channel\/UCLZYFA0siLyRzLKNR75Pp_g"]}]}},"_links":{"self":[{"href":"https:\/\/birliksendikasi.org\/index.php\/wp-json\/wp\/v2\/pages\/732","targetHints":{"allow":["GET"]}}],"collection":[{"href":"https:\/\/birliksendikasi.org\/index.php\/wp-json\/wp\/v2\/pages"}],"about":[{"href":"https:\/\/birliksendikasi.org\/index.php\/wp-json\/wp\/v2\/types\/page"}],"author":[{"embeddable":true,"href":"https:\/\/birliksendikasi.org\/index.php\/wp-json\/wp\/v2\/users\/1"}],"replies":[{"embeddable":true,"href":"https:\/\/birliksendikasi.org\/index.php\/wp-json\/wp\/v2\/comments?post=732"}],"version-history":[{"count":16,"href":"https:\/\/birliksendikasi.org\/index.php\/wp-json\/wp\/v2\/pages\/732\/revisions"}],"predecessor-version":[{"id":1464,"href":"https:\/\/birliksendikasi.org\/index.php\/wp-json\/wp\/v2\/pages\/732\/revisions\/1464"}],"wp:attachment":[{"href":"https:\/\/birliksendikasi.org\/index.php\/wp-json\/wp\/v2\/media?parent=732"}],"curies":[{"name":"wp","href":"https:\/\/api.w.org\/{rel}","templated":true}]}}